{"id":100,"date":"2025-05-27T10:59:01","date_gmt":"2025-05-27T08:59:01","guid":{"rendered":"https:\/\/eilechatzen.wordpress.com\/?page_id=100"},"modified":"2025-06-23T12:50:25","modified_gmt":"2025-06-23T10:50:25","slug":"bilan-comportemental","status":"publish","type":"page","link":"https:\/\/lechatzen.ovh\/index.php\/bilan-comportemental\/","title":{"rendered":"Bilan comportemental"},"content":{"rendered":"\n<div class=\"wp-block-columns is-layout-flex wp-container-core-columns-is-layout-28f84493 wp-block-columns-is-layout-flex\">\n<div class=\"wp-block-column is-layout-flow wp-block-column-is-layout-flow\" style=\"flex-basis:33.33%\">\n<figure class=\"wp-block-image size-large\"><img loading=\"lazy\" decoding=\"async\" width=\"337\" height=\"253\" src=\"http:\/\/lechatzen.ovh\/wp-content\/uploads\/2025\/05\/capture-decran-2025-03-31-111917.png?w=337\" alt=\"\" class=\"wp-image-103\" srcset=\"https:\/\/lechatzen.ovh\/wp-content\/uploads\/2025\/05\/capture-decran-2025-03-31-111917.png 337w, https:\/\/lechatzen.ovh\/wp-content\/uploads\/2025\/05\/capture-decran-2025-03-31-111917-300x225.png 300w\" sizes=\"auto, (max-width: 337px) 100vw, 337px\" \/><\/figure>\n<\/div>\n\n\n\n<div class=\"wp-block-column is-layout-flow wp-block-column-is-layout-flow\" style=\"flex-basis:66.66%\">\n<h4 class=\"wp-block-heading\">R\u00e9soudre les troubles du comportement f\u00e9lin<\/h4>\n\n\n\n<p>Votre chat fait <strong>pipi hors de sa liti\u00e8re, griffe vos meubles, se montre agressif ou semble peureux ?<\/strong><br>Ces comportements ind\u00e9sirables chez le chat ne sont pas une fatalit\u00e9. Ils traduisent souvent un mal-\u00eatre, une incompr\u00e9hension ou un besoin non combl\u00e9. En tant que comportementaliste f\u00e9lin, je vous accompagne pour en identifier les causes et mettre en place des solutions concr\u00e8tes, respectueuses du bien-\u00eatre de votre animal.<\/p>\n\n\n\n<p>Je propose des bilans comportementaux pour chats, \u00e0 domicile ou en visioconf\u00e9rence, adapt\u00e9s \u00e0 chaque situation.<\/p>\n\n\n\n<h5 class=\"wp-block-heading\">Bilan comportemental \u00e0 domicile (id\u00e9al pour observer le chat dans son environnement) :<\/h5>\n\n\n\n<ul class=\"wp-block-list\">\n<li>1 s\u00e9ance approfondie de 1h30 \u00e0 2h<\/li>\n\n\n\n<li>1 rendez-vous t\u00e9l\u00e9phonique de suivi<\/li>\n\n\n\n<li>1 compte rendu personnalis\u00e9 en PDF avec des conseils pratiques<\/li>\n<\/ul>\n\n\n\n<h5 class=\"wp-block-heading\">Bilan comportemental en visioconf\u00e9rence (partout en France) :<\/h5>\n\n\n\n<ul class=\"wp-block-list\">\n<li>1 s\u00e9ance de 45 minutes en visio<\/li>\n\n\n\n<li>Un suivi par e-mail apr\u00e8s la s\u00e9ance pour ajuster les recommandations<\/li>\n\n\n\n<li>1 compte rendu PDF envoy\u00e9 par mail<\/li>\n<\/ul>\n\n\n\n<p>\ud83d\udca1 Ce bilan permet de mieux comprendre les causes des troubles tels que :<\/p>\n\n\n\n<ul class=\"wp-block-list\">\n<li><strong>malpropret\u00e9 (urine hors liti\u00e8re)<\/strong><\/li>\n\n\n\n<li><strong>griffades excessives<\/strong><\/li>\n\n\n\n<li><strong>agressivit\u00e9 envers les humains ou les autres animaux<\/strong><\/li>\n\n\n\n<li><strong>peur, anxi\u00e9t\u00e9, repli sur soi<\/strong><\/li>\n\n\n\n<li><strong>cohabitation difficile entre chats ou avec un chien<\/strong><\/li>\n<\/ul>\n\n\n\n<p>Disponible \u00e0 domicile (\u00e0 <strong>Auray<\/strong> et dans ses environs) ou \u00e0 distance, partout en France.<\/p>\n\n\n\n<p>Mon objectif : vous aider \u00e0 retrouver une relation apais\u00e9e avec votre chat, gr\u00e2ce \u00e0 une approche bienveillante, individualis\u00e9e et bas\u00e9e sur l\u2019observation.<\/p>\n\n\n\n<p>Pr\u00eat(e) \u00e0 agir pour le bien-\u00eatre de votre chat ?<br> <strong><strong>Contactez-moi d\u00e8s maintenant en cliquant ici :  <\/strong><\/strong> <a href=\"https:\/\/eilechatzen.wordpress.com\/prendre-rendez-vous\/\">Contacts<\/a><\/p>\n<\/div>\n<\/div>\n","protected":false},"excerpt":{"rendered":"<p>R\u00e9soudre les troubles du comportement f\u00e9lin Votre chat fait pipi hors de sa liti\u00e8re, griffe vos meubles, se montre agressif ou semble peureux ?Ces comportements ind\u00e9sirables chez le chat ne sont pas une fatalit\u00e9. Ils traduisent souvent un mal-\u00eatre, une incompr\u00e9hension ou un besoin non combl\u00e9. En tant que comportementaliste f\u00e9lin, je vous accompagne pour [&hellip;]<\/p>\n","protected":false},"author":2,"featured_media":0,"parent":0,"menu_order":0,"comment_status":"closed","ping_status":"closed","template":"","meta":{"footnotes":""},"class_list":["post-100","page","type-page","status-publish","hentry"],"yoast_head":"<!-- This site is optimized with the Yoast SEO plugin v25.3.1 - https:\/\/yoast.com\/wordpress\/plugins\/seo\/ -->\n<title>Bilan comportemental - Le chat zen _Comportementaliste f\u00e9lin<\/title>\n<meta name=\"robots\" content=\"index, follow, max-snippet:-1, max-image-preview:large, max-video-preview:-1\" \/>\n<link rel=\"canonical\" href=\"https:\/\/lechatzen.ovh\/index.php\/bilan-comportemental\/\" \/>\n<meta property=\"og:locale\" content=\"fr_FR\" \/>\n<meta property=\"og:type\" content=\"article\" \/>\n<meta property=\"og:title\" content=\"Bilan comportemental - Le chat zen _Comportementaliste f\u00e9lin\" \/>\n<meta property=\"og:description\" content=\"R\u00e9soudre les troubles du comportement f\u00e9lin Votre chat fait pipi hors de sa liti\u00e8re, griffe vos meubles, se montre agressif ou semble peureux ?Ces comportements ind\u00e9sirables chez le chat ne sont pas une fatalit\u00e9. Ils traduisent souvent un mal-\u00eatre, une incompr\u00e9hension ou un besoin non combl\u00e9. En tant que comportementaliste f\u00e9lin, je vous accompagne pour [&hellip;]\" \/>\n<meta property=\"og:url\" content=\"https:\/\/lechatzen.ovh\/index.php\/bilan-comportemental\/\" \/>\n<meta property=\"og:site_name\" content=\"Le chat zen _Comportementaliste f\u00e9lin\" \/>\n<meta property=\"article:publisher\" content=\"https:\/\/www.facebook.com\/profile.php?id=61570451984871\" \/>\n<meta property=\"article:modified_time\" content=\"2025-06-23T10:50:25+00:00\" \/>\n<meta property=\"og:image\" content=\"https:\/\/lechatzen.ovh\/wp-content\/uploads\/2025\/05\/capture-decran-2025-03-31-111917.png\" \/>\n\t<meta property=\"og:image:width\" content=\"337\" \/>\n\t<meta property=\"og:image:height\" content=\"253\" \/>\n\t<meta property=\"og:image:type\" content=\"image\/png\" \/>\n<meta name=\"twitter:card\" content=\"summary_large_image\" \/>\n<meta name=\"twitter:label1\" content=\"Dur\u00e9e de lecture estim\u00e9e\" \/>\n\t<meta name=\"twitter:data1\" content=\"1 minute\" \/>\n<script type=\"application\/ld+json\" class=\"yoast-schema-graph\">{\"@context\":\"https:\/\/schema.org\",\"@graph\":[{\"@type\":\"WebPage\",\"@id\":\"https:\/\/lechatzen.ovh\/index.php\/bilan-comportemental\/\",\"url\":\"https:\/\/lechatzen.ovh\/index.php\/bilan-comportemental\/\",\"name\":\"Bilan comportemental - Le chat zen _Comportementaliste f\u00e9lin\",\"isPartOf\":{\"@id\":\"https:\/\/lechatzen.ovh\/#website\"},\"primaryImageOfPage\":{\"@id\":\"https:\/\/lechatzen.ovh\/index.php\/bilan-comportemental\/#primaryimage\"},\"image\":{\"@id\":\"https:\/\/lechatzen.ovh\/index.php\/bilan-comportemental\/#primaryimage\"},\"thumbnailUrl\":\"http:\/\/lechatzen.ovh\/wp-content\/uploads\/2025\/05\/capture-decran-2025-03-31-111917.png?w=337\",\"datePublished\":\"2025-05-27T08:59:01+00:00\",\"dateModified\":\"2025-06-23T10:50:25+00:00\",\"breadcrumb\":{\"@id\":\"https:\/\/lechatzen.ovh\/index.php\/bilan-comportemental\/#breadcrumb\"},\"inLanguage\":\"fr-FR\",\"potentialAction\":[{\"@type\":\"ReadAction\",\"target\":[\"https:\/\/lechatzen.ovh\/index.php\/bilan-comportemental\/\"]}]},{\"@type\":\"ImageObject\",\"inLanguage\":\"fr-FR\",\"@id\":\"https:\/\/lechatzen.ovh\/index.php\/bilan-comportemental\/#primaryimage\",\"url\":\"https:\/\/lechatzen.ovh\/wp-content\/uploads\/2025\/05\/capture-decran-2025-03-31-111917.png\",\"contentUrl\":\"https:\/\/lechatzen.ovh\/wp-content\/uploads\/2025\/05\/capture-decran-2025-03-31-111917.png\",\"width\":337,\"height\":253},{\"@type\":\"BreadcrumbList\",\"@id\":\"https:\/\/lechatzen.ovh\/index.php\/bilan-comportemental\/#breadcrumb\",\"itemListElement\":[{\"@type\":\"ListItem\",\"position\":1,\"name\":\"Accueil\",\"item\":\"https:\/\/lechatzen.ovh\/\"},{\"@type\":\"ListItem\",\"position\":2,\"name\":\"Bilan comportemental\"}]},{\"@type\":\"WebSite\",\"@id\":\"https:\/\/lechatzen.ovh\/#website\",\"url\":\"https:\/\/lechatzen.ovh\/\",\"name\":\"Le chat zen _Comportementaliste f\u00e9lin\",\"description\":\"Une comportementaliste \u00e0 votre \u00e9coute\",\"publisher\":{\"@id\":\"https:\/\/lechatzen.ovh\/#organization\"},\"potentialAction\":[{\"@type\":\"SearchAction\",\"target\":{\"@type\":\"EntryPoint\",\"urlTemplate\":\"https:\/\/lechatzen.ovh\/?s={search_term_string}\"},\"query-input\":{\"@type\":\"PropertyValueSpecification\",\"valueRequired\":true,\"valueName\":\"search_term_string\"}}],\"inLanguage\":\"fr-FR\"},{\"@type\":\"Organization\",\"@id\":\"https:\/\/lechatzen.ovh\/#organization\",\"name\":\"Le chat zen _Comportementaliste f\u00e9lin\",\"url\":\"https:\/\/lechatzen.ovh\/\",\"logo\":{\"@type\":\"ImageObject\",\"inLanguage\":\"fr-FR\",\"@id\":\"https:\/\/lechatzen.ovh\/#\/schema\/logo\/image\/\",\"url\":\"https:\/\/lechatzen.ovh\/wp-content\/uploads\/2025\/06\/Logo.png\",\"contentUrl\":\"https:\/\/lechatzen.ovh\/wp-content\/uploads\/2025\/06\/Logo.png\",\"width\":500,\"height\":500,\"caption\":\"Le chat zen _Comportementaliste f\u00e9lin\"},\"image\":{\"@id\":\"https:\/\/lechatzen.ovh\/#\/schema\/logo\/image\/\"},\"sameAs\":[\"https:\/\/www.facebook.com\/profile.php?id=61570451984871\",\"https:\/\/fr.pinterest.com\/eilechatzen\",\"https:\/\/www.instagram.com\/lechat.zen\/?fbclid=IwY2xjawLGD9hleHRuA2FlbQIxMQBicmlkETB2R3B5N3M4WjBYWjZlQWdJAR5P0356IDtR6oaTSNpGg5H0eqBRczWLOCm1ssLn-IF8DTG-fhIHflSd8RC7AQ_aem_AGPPNnxXAfTqsbUJuc_4iQ\"]}]}<\/script>\n<!-- \/ Yoast SEO plugin. -->","yoast_head_json":{"title":"Bilan comportemental - Le chat zen _Comportementaliste f\u00e9lin","robots":{"index":"index","follow":"follow","max-snippet":"max-snippet:-1","max-image-preview":"max-image-preview:large","max-video-preview":"max-video-preview:-1"},"canonical":"https:\/\/lechatzen.ovh\/index.php\/bilan-comportemental\/","og_locale":"fr_FR","og_type":"article","og_title":"Bilan comportemental - Le chat zen _Comportementaliste f\u00e9lin","og_description":"R\u00e9soudre les troubles du comportement f\u00e9lin Votre chat fait pipi hors de sa liti\u00e8re, griffe vos meubles, se montre agressif ou semble peureux ?Ces comportements ind\u00e9sirables chez le chat ne sont pas une fatalit\u00e9. Ils traduisent souvent un mal-\u00eatre, une incompr\u00e9hension ou un besoin non combl\u00e9. En tant que comportementaliste f\u00e9lin, je vous accompagne pour [&hellip;]","og_url":"https:\/\/lechatzen.ovh\/index.php\/bilan-comportemental\/","og_site_name":"Le chat zen _Comportementaliste f\u00e9lin","article_publisher":"https:\/\/www.facebook.com\/profile.php?id=61570451984871","article_modified_time":"2025-06-23T10:50:25+00:00","og_image":[{"width":337,"height":253,"url":"https:\/\/lechatzen.ovh\/wp-content\/uploads\/2025\/05\/capture-decran-2025-03-31-111917.png","type":"image\/png"}],"twitter_card":"summary_large_image","twitter_misc":{"Dur\u00e9e de lecture estim\u00e9e":"1 minute"},"schema":{"@context":"https:\/\/schema.org","@graph":[{"@type":"WebPage","@id":"https:\/\/lechatzen.ovh\/index.php\/bilan-comportemental\/","url":"https:\/\/lechatzen.ovh\/index.php\/bilan-comportemental\/","name":"Bilan comportemental - Le chat zen _Comportementaliste f\u00e9lin","isPartOf":{"@id":"https:\/\/lechatzen.ovh\/#website"},"primaryImageOfPage":{"@id":"https:\/\/lechatzen.ovh\/index.php\/bilan-comportemental\/#primaryimage"},"image":{"@id":"https:\/\/lechatzen.ovh\/index.php\/bilan-comportemental\/#primaryimage"},"thumbnailUrl":"http:\/\/lechatzen.ovh\/wp-content\/uploads\/2025\/05\/capture-decran-2025-03-31-111917.png?w=337","datePublished":"2025-05-27T08:59:01+00:00","dateModified":"2025-06-23T10:50:25+00:00","breadcrumb":{"@id":"https:\/\/lechatzen.ovh\/index.php\/bilan-comportemental\/#breadcrumb"},"inLanguage":"fr-FR","potentialAction":[{"@type":"ReadAction","target":["https:\/\/lechatzen.ovh\/index.php\/bilan-comportemental\/"]}]},{"@type":"ImageObject","inLanguage":"fr-FR","@id":"https:\/\/lechatzen.ovh\/index.php\/bilan-comportemental\/#primaryimage","url":"https:\/\/lechatzen.ovh\/wp-content\/uploads\/2025\/05\/capture-decran-2025-03-31-111917.png","contentUrl":"https:\/\/lechatzen.ovh\/wp-content\/uploads\/2025\/05\/capture-decran-2025-03-31-111917.png","width":337,"height":253},{"@type":"BreadcrumbList","@id":"https:\/\/lechatzen.ovh\/index.php\/bilan-comportemental\/#breadcrumb","itemListElement":[{"@type":"ListItem","position":1,"name":"Accueil","item":"https:\/\/lechatzen.ovh\/"},{"@type":"ListItem","position":2,"name":"Bilan comportemental"}]},{"@type":"WebSite","@id":"https:\/\/lechatzen.ovh\/#website","url":"https:\/\/lechatzen.ovh\/","name":"Le chat zen _Comportementaliste f\u00e9lin","description":"Une comportementaliste \u00e0 votre \u00e9coute","publisher":{"@id":"https:\/\/lechatzen.ovh\/#organization"},"potentialAction":[{"@type":"SearchAction","target":{"@type":"EntryPoint","urlTemplate":"https:\/\/lechatzen.ovh\/?s={search_term_string}"},"query-input":{"@type":"PropertyValueSpecification","valueRequired":true,"valueName":"search_term_string"}}],"inLanguage":"fr-FR"},{"@type":"Organization","@id":"https:\/\/lechatzen.ovh\/#organization","name":"Le chat zen _Comportementaliste f\u00e9lin","url":"https:\/\/lechatzen.ovh\/","logo":{"@type":"ImageObject","inLanguage":"fr-FR","@id":"https:\/\/lechatzen.ovh\/#\/schema\/logo\/image\/","url":"https:\/\/lechatzen.ovh\/wp-content\/uploads\/2025\/06\/Logo.png","contentUrl":"https:\/\/lechatzen.ovh\/wp-content\/uploads\/2025\/06\/Logo.png","width":500,"height":500,"caption":"Le chat zen _Comportementaliste f\u00e9lin"},"image":{"@id":"https:\/\/lechatzen.ovh\/#\/schema\/logo\/image\/"},"sameAs":["https:\/\/www.facebook.com\/profile.php?id=61570451984871","https:\/\/fr.pinterest.com\/eilechatzen","https:\/\/www.instagram.com\/lechat.zen\/?fbclid=IwY2xjawLGD9hleHRuA2FlbQIxMQBicmlkETB2R3B5N3M4WjBYWjZlQWdJAR5P0356IDtR6oaTSNpGg5H0eqBRczWLOCm1ssLn-IF8DTG-fhIHflSd8RC7AQ_aem_AGPPNnxXAfTqsbUJuc_4iQ"]}]}},"_links":{"self":[{"href":"https:\/\/lechatzen.ovh\/index.php\/wp-json\/wp\/v2\/pages\/100","targetHints":{"allow":["GET"]}}],"collection":[{"href":"https:\/\/lechatzen.ovh\/index.php\/wp-json\/wp\/v2\/pages"}],"about":[{"href":"https:\/\/lechatzen.ovh\/index.php\/wp-json\/wp\/v2\/types\/page"}],"author":[{"embeddable":true,"href":"https:\/\/lechatzen.ovh\/index.php\/wp-json\/wp\/v2\/users\/2"}],"replies":[{"embeddable":true,"href":"https:\/\/lechatzen.ovh\/index.php\/wp-json\/wp\/v2\/comments?post=100"}],"version-history":[{"count":1,"href":"https:\/\/lechatzen.ovh\/index.php\/wp-json\/wp\/v2\/pages\/100\/revisions"}],"predecessor-version":[{"id":234,"href":"https:\/\/lechatzen.ovh\/index.php\/wp-json\/wp\/v2\/pages\/100\/revisions\/234"}],"wp:attachment":[{"href":"https:\/\/lechatzen.ovh\/index.php\/wp-json\/wp\/v2\/media?parent=100"}],"curies":[{"name":"wp","href":"https:\/\/api.w.org\/{rel}","templated":true}]}}