{"id":108,"date":"2025-05-27T11:19:07","date_gmt":"2025-05-27T09:19:07","guid":{"rendered":"https:\/\/eilechatzen.wordpress.com\/?page_id=108"},"modified":"2025-06-23T12:50:26","modified_gmt":"2025-06-23T10:50:26","slug":"forfait-accueil-du-chaton","status":"publish","type":"page","link":"https:\/\/lechatzen.ovh\/index.php\/forfait-accueil-du-chaton\/","title":{"rendered":"Forfait accueil du chaton"},"content":{"rendered":"\n<div class=\"wp-block-columns is-layout-flex wp-container-core-columns-is-layout-28f84493 wp-block-columns-is-layout-flex\">\n<div class=\"wp-block-column is-layout-flow wp-block-column-is-layout-flow\" style=\"flex-basis:33.33%\">\n<figure class=\"wp-block-image size-large\"><img decoding=\"async\" src=\"http:\/\/lechatzen.ovh\/wp-content\/uploads\/2025\/05\/pexels-wojciech-kumpicki-1084687-2071873.jpg?w=681\" alt=\"\" class=\"wp-image-109\" \/><\/figure>\n<\/div>\n\n\n\n<div class=\"wp-block-column is-layout-flow wp-block-column-is-layout-flow\" style=\"flex-basis:66.66%\">\n<h4 class=\"wp-block-heading\">Bien d\u00e9marrer une belle relation<\/h4>\n\n\n\n<p>L\u2019arriv\u00e9e d\u2019un <strong>chaton \u00e0 la maison<\/strong> est un moment unique, mais aussi une \u00e9tape cl\u00e9 \u00e0 ne pas improviser. Pour \u00e9viter les erreurs courantes et <strong>offrir \u00e0 votre chaton les meilleures bases<\/strong>, je vous propose un <strong>forfait complet en deux s\u00e9ances<\/strong>, \u00e0 domicile ou en visioconf\u00e9rence.<\/p>\n\n\n\n<h5 class=\"wp-block-heading\">Un accompagnement sur mesure pour accueillir votre chaton sereinement<\/h5>\n\n\n\n<p>Avec ce <strong>forfait \u201cAccueil du chaton\u201d<\/strong>, vous b\u00e9n\u00e9ficiez d\u2019un accompagnement bienveillant et professionnel, con\u00e7u pour vous guider avant et apr\u00e8s l\u2019adoption :<\/p>\n\n\n\n<ul class=\"wp-block-list\">\n<li> 2 s\u00e9ances d\u2019une heure :\n<ul class=\"wp-block-list\">\n<li><em>Pr\u00e9-adoption<\/em> : anticiper les besoins mat\u00e9riels, l\u2019organisation de l\u2019espace, l\u2019alimentation, la socialisation, etc.<\/li>\n\n\n\n<li><em>Post-adoption<\/em> : faire le point sur les premiers jours, r\u00e9pondre \u00e0 vos questions, ajuster les conseils en fonction du comportement observ\u00e9.<\/li>\n<\/ul>\n<\/li>\n\n\n\n<li>Support PDF  : apr\u00e8s chaque s\u00e9ance, vous recevez un document clair et pratique pour vous aider au quotidien.<\/li>\n\n\n\n<li><strong>Disponible \u00e0 domicile<\/strong> (secteur Auray et environs) ou en <strong>visioconf\u00e9rence<\/strong>, partout en France.<\/li>\n<\/ul>\n\n\n\n<h5 class=\"wp-block-heading\">Pourquoi choisir un accompagnement professionnel \u00e0 l\u2019arriv\u00e9e de votre chaton ?<\/h5>\n\n\n\n<ul class=\"wp-block-list\">\n<li>Pour \u00e9viter les comportements g\u00eanants li\u00e9s \u00e0 un mauvais d\u00e9part (peur, malpropret\u00e9, griffades, etc.)<\/li>\n\n\n\n<li>Pour comprendre les besoins fondamentaux de votre chaton (jeu, repos, exploration, apprentissage)<\/li>\n\n\n\n<li>Pour instaurer une relation de confiance d\u00e8s le d\u00e9but, dans le respect de sa nature<\/li>\n<\/ul>\n\n\n\n<p><\/p>\n\n\n\n<p><strong>Certifi\u00e9e ACACED<\/strong>, je vous accompagne avec s\u00e9rieux, douceur et p\u00e9dagogie pour garantir un d\u00e9marrage harmonieux dans votre nouvelle vie \u00e0 deux ou plus.<\/p>\n\n\n\n<hr class=\"wp-block-separator has-alpha-channel-opacity\" \/>\n\n\n\n<p>Pr\u00e9parez l\u2019arriv\u00e9e de votre chaton en toute s\u00e9r\u00e9nit\u00e9 !<br>\ud83d\udc49 <strong><strong>Contactez-moi d\u00e8s maintenant en cliquant ici :  <\/strong><\/strong><a href=\"https:\/\/eilechatzen.wordpress.com\/prendre-rendez-vous\/\">Contacts<\/a><\/p>\n\n\n\n<hr class=\"wp-block-separator has-alpha-channel-opacity\" \/>\n<\/div>\n<\/div>\n","protected":false},"excerpt":{"rendered":"<p>Bien d\u00e9marrer une belle relation L\u2019arriv\u00e9e d\u2019un chaton \u00e0 la maison est un moment unique, mais aussi une \u00e9tape cl\u00e9 \u00e0 ne pas improviser. Pour \u00e9viter les erreurs courantes et offrir \u00e0 votre chaton les meilleures bases, je vous propose un forfait complet en deux s\u00e9ances, \u00e0 domicile ou en visioconf\u00e9rence. Un accompagnement sur mesure [&hellip;]<\/p>\n","protected":false},"author":2,"featured_media":0,"parent":0,"menu_order":0,"comment_status":"closed","ping_status":"closed","template":"","meta":{"footnotes":""},"class_list":["post-108","page","type-page","status-publish","hentry"],"yoast_head":"<!-- This site is optimized with the Yoast SEO plugin v25.3.1 - https:\/\/yoast.com\/wordpress\/plugins\/seo\/ -->\n<title>Forfait accueil du chaton - Le chat zen _Comportementaliste f\u00e9lin<\/title>\n<meta name=\"robots\" content=\"index, follow, max-snippet:-1, max-image-preview:large, max-video-preview:-1\" \/>\n<link rel=\"canonical\" href=\"https:\/\/lechatzen.ovh\/index.php\/forfait-accueil-du-chaton\/\" \/>\n<meta property=\"og:locale\" content=\"fr_FR\" \/>\n<meta property=\"og:type\" content=\"article\" \/>\n<meta property=\"og:title\" content=\"Forfait accueil du chaton - Le chat zen _Comportementaliste f\u00e9lin\" \/>\n<meta property=\"og:description\" content=\"Bien d\u00e9marrer une belle relation L\u2019arriv\u00e9e d\u2019un chaton \u00e0 la maison est un moment unique, mais aussi une \u00e9tape cl\u00e9 \u00e0 ne pas improviser. Pour \u00e9viter les erreurs courantes et offrir \u00e0 votre chaton les meilleures bases, je vous propose un forfait complet en deux s\u00e9ances, \u00e0 domicile ou en visioconf\u00e9rence. Un accompagnement sur mesure [&hellip;]\" \/>\n<meta property=\"og:url\" content=\"https:\/\/lechatzen.ovh\/index.php\/forfait-accueil-du-chaton\/\" \/>\n<meta property=\"og:site_name\" content=\"Le chat zen _Comportementaliste f\u00e9lin\" \/>\n<meta property=\"article:publisher\" content=\"https:\/\/www.facebook.com\/profile.php?id=61570451984871\" \/>\n<meta property=\"article:modified_time\" content=\"2025-06-23T10:50:26+00:00\" \/>\n<meta property=\"og:image\" content=\"https:\/\/lechatzen.ovh\/wp-content\/uploads\/2025\/05\/pexels-wojciech-kumpicki-1084687-2071873-scaled-e1750672786510.jpg\" \/>\n\t<meta property=\"og:image:width\" content=\"1702\" \/>\n\t<meta property=\"og:image:height\" content=\"1310\" \/>\n\t<meta property=\"og:image:type\" content=\"image\/jpeg\" \/>\n<meta name=\"twitter:card\" content=\"summary_large_image\" \/>\n<meta name=\"twitter:label1\" content=\"Dur\u00e9e de lecture estim\u00e9e\" \/>\n\t<meta name=\"twitter:data1\" content=\"1 minute\" \/>\n<script type=\"application\/ld+json\" class=\"yoast-schema-graph\">{\"@context\":\"https:\/\/schema.org\",\"@graph\":[{\"@type\":\"WebPage\",\"@id\":\"https:\/\/lechatzen.ovh\/index.php\/forfait-accueil-du-chaton\/\",\"url\":\"https:\/\/lechatzen.ovh\/index.php\/forfait-accueil-du-chaton\/\",\"name\":\"Forfait accueil du chaton - Le chat zen _Comportementaliste f\u00e9lin\",\"isPartOf\":{\"@id\":\"https:\/\/lechatzen.ovh\/#website\"},\"primaryImageOfPage\":{\"@id\":\"https:\/\/lechatzen.ovh\/index.php\/forfait-accueil-du-chaton\/#primaryimage\"},\"image\":{\"@id\":\"https:\/\/lechatzen.ovh\/index.php\/forfait-accueil-du-chaton\/#primaryimage\"},\"thumbnailUrl\":\"http:\/\/lechatzen.ovh\/wp-content\/uploads\/2025\/05\/pexels-wojciech-kumpicki-1084687-2071873.jpg?w=681\",\"datePublished\":\"2025-05-27T09:19:07+00:00\",\"dateModified\":\"2025-06-23T10:50:26+00:00\",\"breadcrumb\":{\"@id\":\"https:\/\/lechatzen.ovh\/index.php\/forfait-accueil-du-chaton\/#breadcrumb\"},\"inLanguage\":\"fr-FR\",\"potentialAction\":[{\"@type\":\"ReadAction\",\"target\":[\"https:\/\/lechatzen.ovh\/index.php\/forfait-accueil-du-chaton\/\"]}]},{\"@type\":\"ImageObject\",\"inLanguage\":\"fr-FR\",\"@id\":\"https:\/\/lechatzen.ovh\/index.php\/forfait-accueil-du-chaton\/#primaryimage\",\"url\":\"https:\/\/lechatzen.ovh\/wp-content\/uploads\/2025\/05\/pexels-wojciech-kumpicki-1084687-2071873-scaled-e1750672786510.jpg\",\"contentUrl\":\"https:\/\/lechatzen.ovh\/wp-content\/uploads\/2025\/05\/pexels-wojciech-kumpicki-1084687-2071873-scaled-e1750672786510.jpg\",\"width\":1702,\"height\":1310},{\"@type\":\"BreadcrumbList\",\"@id\":\"https:\/\/lechatzen.ovh\/index.php\/forfait-accueil-du-chaton\/#breadcrumb\",\"itemListElement\":[{\"@type\":\"ListItem\",\"position\":1,\"name\":\"Accueil\",\"item\":\"https:\/\/lechatzen.ovh\/\"},{\"@type\":\"ListItem\",\"position\":2,\"name\":\"Forfait accueil du chaton\"}]},{\"@type\":\"WebSite\",\"@id\":\"https:\/\/lechatzen.ovh\/#website\",\"url\":\"https:\/\/lechatzen.ovh\/\",\"name\":\"Le chat zen _Comportementaliste f\u00e9lin\",\"description\":\"Une comportementaliste \u00e0 votre \u00e9coute\",\"publisher\":{\"@id\":\"https:\/\/lechatzen.ovh\/#organization\"},\"potentialAction\":[{\"@type\":\"SearchAction\",\"target\":{\"@type\":\"EntryPoint\",\"urlTemplate\":\"https:\/\/lechatzen.ovh\/?s={search_term_string}\"},\"query-input\":{\"@type\":\"PropertyValueSpecification\",\"valueRequired\":true,\"valueName\":\"search_term_string\"}}],\"inLanguage\":\"fr-FR\"},{\"@type\":\"Organization\",\"@id\":\"https:\/\/lechatzen.ovh\/#organization\",\"name\":\"Le chat zen _Comportementaliste f\u00e9lin\",\"url\":\"https:\/\/lechatzen.ovh\/\",\"logo\":{\"@type\":\"ImageObject\",\"inLanguage\":\"fr-FR\",\"@id\":\"https:\/\/lechatzen.ovh\/#\/schema\/logo\/image\/\",\"url\":\"https:\/\/lechatzen.ovh\/wp-content\/uploads\/2025\/06\/Logo.png\",\"contentUrl\":\"https:\/\/lechatzen.ovh\/wp-content\/uploads\/2025\/06\/Logo.png\",\"width\":500,\"height\":500,\"caption\":\"Le chat zen _Comportementaliste f\u00e9lin\"},\"image\":{\"@id\":\"https:\/\/lechatzen.ovh\/#\/schema\/logo\/image\/\"},\"sameAs\":[\"https:\/\/www.facebook.com\/profile.php?id=61570451984871\",\"https:\/\/fr.pinterest.com\/eilechatzen\",\"https:\/\/www.instagram.com\/lechat.zen\/?fbclid=IwY2xjawLGD9hleHRuA2FlbQIxMQBicmlkETB2R3B5N3M4WjBYWjZlQWdJAR5P0356IDtR6oaTSNpGg5H0eqBRczWLOCm1ssLn-IF8DTG-fhIHflSd8RC7AQ_aem_AGPPNnxXAfTqsbUJuc_4iQ\"]}]}<\/script>\n<!-- \/ Yoast SEO plugin. -->","yoast_head_json":{"title":"Forfait accueil du chaton - Le chat zen _Comportementaliste f\u00e9lin","robots":{"index":"index","follow":"follow","max-snippet":"max-snippet:-1","max-image-preview":"max-image-preview:large","max-video-preview":"max-video-preview:-1"},"canonical":"https:\/\/lechatzen.ovh\/index.php\/forfait-accueil-du-chaton\/","og_locale":"fr_FR","og_type":"article","og_title":"Forfait accueil du chaton - Le chat zen _Comportementaliste f\u00e9lin","og_description":"Bien d\u00e9marrer une belle relation L\u2019arriv\u00e9e d\u2019un chaton \u00e0 la maison est un moment unique, mais aussi une \u00e9tape cl\u00e9 \u00e0 ne pas improviser. Pour \u00e9viter les erreurs courantes et offrir \u00e0 votre chaton les meilleures bases, je vous propose un forfait complet en deux s\u00e9ances, \u00e0 domicile ou en visioconf\u00e9rence. Un accompagnement sur mesure [&hellip;]","og_url":"https:\/\/lechatzen.ovh\/index.php\/forfait-accueil-du-chaton\/","og_site_name":"Le chat zen _Comportementaliste f\u00e9lin","article_publisher":"https:\/\/www.facebook.com\/profile.php?id=61570451984871","article_modified_time":"2025-06-23T10:50:26+00:00","og_image":[{"width":1702,"height":1310,"url":"https:\/\/lechatzen.ovh\/wp-content\/uploads\/2025\/05\/pexels-wojciech-kumpicki-1084687-2071873-scaled-e1750672786510.jpg","type":"image\/jpeg"}],"twitter_card":"summary_large_image","twitter_misc":{"Dur\u00e9e de lecture estim\u00e9e":"1 minute"},"schema":{"@context":"https:\/\/schema.org","@graph":[{"@type":"WebPage","@id":"https:\/\/lechatzen.ovh\/index.php\/forfait-accueil-du-chaton\/","url":"https:\/\/lechatzen.ovh\/index.php\/forfait-accueil-du-chaton\/","name":"Forfait accueil du chaton - Le chat zen _Comportementaliste f\u00e9lin","isPartOf":{"@id":"https:\/\/lechatzen.ovh\/#website"},"primaryImageOfPage":{"@id":"https:\/\/lechatzen.ovh\/index.php\/forfait-accueil-du-chaton\/#primaryimage"},"image":{"@id":"https:\/\/lechatzen.ovh\/index.php\/forfait-accueil-du-chaton\/#primaryimage"},"thumbnailUrl":"http:\/\/lechatzen.ovh\/wp-content\/uploads\/2025\/05\/pexels-wojciech-kumpicki-1084687-2071873.jpg?w=681","datePublished":"2025-05-27T09:19:07+00:00","dateModified":"2025-06-23T10:50:26+00:00","breadcrumb":{"@id":"https:\/\/lechatzen.ovh\/index.php\/forfait-accueil-du-chaton\/#breadcrumb"},"inLanguage":"fr-FR","potentialAction":[{"@type":"ReadAction","target":["https:\/\/lechatzen.ovh\/index.php\/forfait-accueil-du-chaton\/"]}]},{"@type":"ImageObject","inLanguage":"fr-FR","@id":"https:\/\/lechatzen.ovh\/index.php\/forfait-accueil-du-chaton\/#primaryimage","url":"https:\/\/lechatzen.ovh\/wp-content\/uploads\/2025\/05\/pexels-wojciech-kumpicki-1084687-2071873-scaled-e1750672786510.jpg","contentUrl":"https:\/\/lechatzen.ovh\/wp-content\/uploads\/2025\/05\/pexels-wojciech-kumpicki-1084687-2071873-scaled-e1750672786510.jpg","width":1702,"height":1310},{"@type":"BreadcrumbList","@id":"https:\/\/lechatzen.ovh\/index.php\/forfait-accueil-du-chaton\/#breadcrumb","itemListElement":[{"@type":"ListItem","position":1,"name":"Accueil","item":"https:\/\/lechatzen.ovh\/"},{"@type":"ListItem","position":2,"name":"Forfait accueil du chaton"}]},{"@type":"WebSite","@id":"https:\/\/lechatzen.ovh\/#website","url":"https:\/\/lechatzen.ovh\/","name":"Le chat zen _Comportementaliste f\u00e9lin","description":"Une comportementaliste \u00e0 votre \u00e9coute","publisher":{"@id":"https:\/\/lechatzen.ovh\/#organization"},"potentialAction":[{"@type":"SearchAction","target":{"@type":"EntryPoint","urlTemplate":"https:\/\/lechatzen.ovh\/?s={search_term_string}"},"query-input":{"@type":"PropertyValueSpecification","valueRequired":true,"valueName":"search_term_string"}}],"inLanguage":"fr-FR"},{"@type":"Organization","@id":"https:\/\/lechatzen.ovh\/#organization","name":"Le chat zen _Comportementaliste f\u00e9lin","url":"https:\/\/lechatzen.ovh\/","logo":{"@type":"ImageObject","inLanguage":"fr-FR","@id":"https:\/\/lechatzen.ovh\/#\/schema\/logo\/image\/","url":"https:\/\/lechatzen.ovh\/wp-content\/uploads\/2025\/06\/Logo.png","contentUrl":"https:\/\/lechatzen.ovh\/wp-content\/uploads\/2025\/06\/Logo.png","width":500,"height":500,"caption":"Le chat zen _Comportementaliste f\u00e9lin"},"image":{"@id":"https:\/\/lechatzen.ovh\/#\/schema\/logo\/image\/"},"sameAs":["https:\/\/www.facebook.com\/profile.php?id=61570451984871","https:\/\/fr.pinterest.com\/eilechatzen","https:\/\/www.instagram.com\/lechat.zen\/?fbclid=IwY2xjawLGD9hleHRuA2FlbQIxMQBicmlkETB2R3B5N3M4WjBYWjZlQWdJAR5P0356IDtR6oaTSNpGg5H0eqBRczWLOCm1ssLn-IF8DTG-fhIHflSd8RC7AQ_aem_AGPPNnxXAfTqsbUJuc_4iQ"]}]}},"_links":{"self":[{"href":"https:\/\/lechatzen.ovh\/index.php\/wp-json\/wp\/v2\/pages\/108","targetHints":{"allow":["GET"]}}],"collection":[{"href":"https:\/\/lechatzen.ovh\/index.php\/wp-json\/wp\/v2\/pages"}],"about":[{"href":"https:\/\/lechatzen.ovh\/index.php\/wp-json\/wp\/v2\/types\/page"}],"author":[{"embeddable":true,"href":"https:\/\/lechatzen.ovh\/index.php\/wp-json\/wp\/v2\/users\/2"}],"replies":[{"embeddable":true,"href":"https:\/\/lechatzen.ovh\/index.php\/wp-json\/wp\/v2\/comments?post=108"}],"version-history":[{"count":1,"href":"https:\/\/lechatzen.ovh\/index.php\/wp-json\/wp\/v2\/pages\/108\/revisions"}],"predecessor-version":[{"id":238,"href":"https:\/\/lechatzen.ovh\/index.php\/wp-json\/wp\/v2\/pages\/108\/revisions\/238"}],"wp:attachment":[{"href":"https:\/\/lechatzen.ovh\/index.php\/wp-json\/wp\/v2\/media?parent=108"}],"curies":[{"name":"wp","href":"https:\/\/api.w.org\/{rel}","templated":true}]}}