{"id":111,"date":"2025-05-27T11:25:51","date_gmt":"2025-05-27T09:25:51","guid":{"rendered":"https:\/\/eilechatzen.wordpress.com\/?page_id=111"},"modified":"2025-06-23T12:50:25","modified_gmt":"2025-06-23T10:50:25","slug":"accueil-du-chat-age","status":"publish","type":"page","link":"https:\/\/lechatzen.ovh\/index.php\/accueil-du-chat-age\/","title":{"rendered":"Adaptation au chat\u00a0\u00e2g\u00e9"},"content":{"rendered":"\n<div class=\"wp-block-columns is-layout-flex wp-container-core-columns-is-layout-28f84493 wp-block-columns-is-layout-flex\">\n<div class=\"wp-block-column is-layout-flow wp-block-column-is-layout-flow\" style=\"flex-basis:33.33%\">\n<figure class=\"wp-block-image size-large\"><img decoding=\"async\" src=\"http:\/\/lechatzen.ovh\/wp-content\/uploads\/2025\/05\/pexels-reda-captures-1210576448-31330792.jpg?w=771\" alt=\"\" class=\"wp-image-113\"\/><\/figure>\n<\/div>\n\n\n\n<div class=\"wp-block-column is-layout-flow wp-block-column-is-layout-flow\" style=\"flex-basis:66.66%\">\n<h4 class=\"wp-block-heading\">Offrir confort et s\u00e9r\u00e9nit\u00e9 \u00e0 votre compagnon senior<\/h4>\n\n\n\n<p>Comme nous, les chats vieillissent\u2026 et leurs besoins \u00e9voluent. Mobilit\u00e9 r\u00e9duite, sens en d\u00e9clin, habitudes modifi\u00e9es : pour que votre compagnon continue \u00e0 vivre heureux et serein chez vous, quelques ajustements peuvent faire toute la diff\u00e9rence.<\/p>\n\n\n\n<p>Je vous propose un <strong>accompagnement personnalis\u00e9<\/strong>, \u00e0 domicile ou \u00e0 distance, pour <strong>adapter l\u2019environnement et les routines de votre chat \u00e2g\u00e9<\/strong> dans le respect de son bien-\u00eatre.<\/p>\n\n\n\n<h5 class=\"wp-block-heading\">Un accompagnement en douceur pour am\u00e9liorer le quotidien de votre chat senior<\/h5>\n\n\n\n<ul class=\"wp-block-list\">\n<li> 2 s\u00e9ances d\u2019une heure :\n<ul class=\"wp-block-list\">\n<li>\u00c9valuation de l\u2019environnement et des besoins de votre chat (confort, acc\u00e8s, hygi\u00e8ne, alimentation, etc.)<\/li>\n\n\n\n<li>Suivi et ajustements personnalis\u00e9s apr\u00e8s mise en place des premiers conseils<\/li>\n<\/ul>\n<\/li>\n\n\n\n<li>Support PDF de conseils : vous repartez avec des recommandations concr\u00e8tes, faciles \u00e0 mettre en \u0153uvre au quotidien<\/li>\n\n\n\n<li><strong>Disponible \u00e0 domicile<\/strong> (Auray et alentours) ou en <strong>visioconf\u00e9rence<\/strong>, partout en France<\/li>\n<\/ul>\n\n\n\n<h5 class=\"wp-block-heading\">Pour quoi ce forfait ?<\/h5>\n\n\n\n<ul class=\"wp-block-list\">\n<li>Pour pr\u00e9venir ou soulager les troubles li\u00e9s \u00e0 l\u2019\u00e2ge : douleurs, anxi\u00e9t\u00e9, incontinence, isolement\u2026<\/li>\n\n\n\n<li>Pour maintenir une bonne qualit\u00e9 de vie \u00e0 chaque \u00e9tape de son vieillissement<\/li>\n\n\n\n<li>Pour continuer \u00e0 partager des moments de complicit\u00e9, tout en respectant ses limites<\/li>\n<\/ul>\n\n\n\n<p>\ud83c\udf93 Je suis <strong>certifi\u00e9e ACACED<\/strong> et sp\u00e9cialis\u00e9e en comportement f\u00e9lin. Mon approche est bas\u00e9e sur l\u2019\u00e9coute, l\u2019observation et la bienveillance.<\/p>\n\n\n\n<p> Intervention possible \u00e0 <strong>Auray, Pluneret, Brech, Pluvigner, Sainte-Anne-d\u2019Auray , Ploemel, Locoal Mendon, Vannes Ouest, Lorient Est &#8230; et alentours<\/strong> (Morbihan \u2013 56) ou \u00e0 distance.<\/p>\n\n\n\n<hr class=\"wp-block-separator has-alpha-channel-opacity\"\/>\n\n\n\n<p>Offrez \u00e0 votre chat \u00e2g\u00e9 un quotidien plus doux et plus adapt\u00e9 \u00e0 ses besoins.<br>\ud83d\udc49 <strong><strong>Contactez-moi d\u00e8s maintenant en cliquant ici :  <\/strong> <\/strong><a href=\"https:\/\/eilechatzen.wordpress.com\/prendre-rendez-vous\/\">Contacts<\/a><\/p>\n\n\n\n<hr class=\"wp-block-separator has-alpha-channel-opacity\"\/>\n<\/div>\n<\/div>\n","protected":false},"excerpt":{"rendered":"<p>Offrir confort et s\u00e9r\u00e9nit\u00e9 \u00e0 votre compagnon senior Comme nous, les chats vieillissent\u2026 et leurs besoins \u00e9voluent. Mobilit\u00e9 r\u00e9duite, sens en d\u00e9clin, habitudes modifi\u00e9es : pour que votre compagnon continue \u00e0 vivre heureux et serein chez vous, quelques ajustements peuvent faire toute la diff\u00e9rence. Je vous propose un accompagnement personnalis\u00e9, \u00e0 domicile ou \u00e0 distance, [&hellip;]<\/p>\n","protected":false},"author":2,"featured_media":0,"parent":0,"menu_order":0,"comment_status":"closed","ping_status":"closed","template":"","meta":{"footnotes":""},"class_list":["post-111","page","type-page","status-publish","hentry"],"yoast_head":"<!-- This site is optimized with the Yoast SEO plugin v25.3.1 - https:\/\/yoast.com\/wordpress\/plugins\/seo\/ -->\n<title>Adaptation au chat\u00a0\u00e2g\u00e9 - Le chat zen _Comportementaliste f\u00e9lin<\/title>\n<meta name=\"robots\" content=\"index, follow, max-snippet:-1, max-image-preview:large, max-video-preview:-1\" \/>\n<link rel=\"canonical\" href=\"https:\/\/lechatzen.ovh\/index.php\/accueil-du-chat-age\/\" \/>\n<meta property=\"og:locale\" content=\"fr_FR\" \/>\n<meta property=\"og:type\" content=\"article\" \/>\n<meta property=\"og:title\" content=\"Adaptation au chat\u00a0\u00e2g\u00e9 - Le chat zen _Comportementaliste f\u00e9lin\" \/>\n<meta property=\"og:description\" content=\"Offrir confort et s\u00e9r\u00e9nit\u00e9 \u00e0 votre compagnon senior Comme nous, les chats vieillissent\u2026 et leurs besoins \u00e9voluent. Mobilit\u00e9 r\u00e9duite, sens en d\u00e9clin, habitudes modifi\u00e9es : pour que votre compagnon continue \u00e0 vivre heureux et serein chez vous, quelques ajustements peuvent faire toute la diff\u00e9rence. Je vous propose un accompagnement personnalis\u00e9, \u00e0 domicile ou \u00e0 distance, [&hellip;]\" \/>\n<meta property=\"og:url\" content=\"https:\/\/lechatzen.ovh\/index.php\/accueil-du-chat-age\/\" \/>\n<meta property=\"og:site_name\" content=\"Le chat zen _Comportementaliste f\u00e9lin\" \/>\n<meta property=\"article:publisher\" content=\"https:\/\/www.facebook.com\/profile.php?id=61570451984871\" \/>\n<meta property=\"article:modified_time\" content=\"2025-06-23T10:50:25+00:00\" \/>\n<meta property=\"og:image\" content=\"https:\/\/lechatzen.ovh\/wp-content\/uploads\/2025\/05\/pexels-reda-captures-1210576448-31330792-scaled-e1750673083925.jpg\" \/>\n\t<meta property=\"og:image:width\" content=\"1928\" \/>\n\t<meta property=\"og:image:height\" content=\"1617\" \/>\n\t<meta property=\"og:image:type\" content=\"image\/jpeg\" \/>\n<meta name=\"twitter:card\" content=\"summary_large_image\" \/>\n<meta name=\"twitter:label1\" content=\"Dur\u00e9e de lecture estim\u00e9e\" \/>\n\t<meta name=\"twitter:data1\" content=\"1 minute\" \/>\n<script type=\"application\/ld+json\" class=\"yoast-schema-graph\">{\"@context\":\"https:\/\/schema.org\",\"@graph\":[{\"@type\":\"WebPage\",\"@id\":\"https:\/\/lechatzen.ovh\/index.php\/accueil-du-chat-age\/\",\"url\":\"https:\/\/lechatzen.ovh\/index.php\/accueil-du-chat-age\/\",\"name\":\"Adaptation au chat\u00a0\u00e2g\u00e9 - Le chat zen _Comportementaliste f\u00e9lin\",\"isPartOf\":{\"@id\":\"https:\/\/lechatzen.ovh\/#website\"},\"primaryImageOfPage\":{\"@id\":\"https:\/\/lechatzen.ovh\/index.php\/accueil-du-chat-age\/#primaryimage\"},\"image\":{\"@id\":\"https:\/\/lechatzen.ovh\/index.php\/accueil-du-chat-age\/#primaryimage\"},\"thumbnailUrl\":\"http:\/\/lechatzen.ovh\/wp-content\/uploads\/2025\/05\/pexels-reda-captures-1210576448-31330792.jpg?w=771\",\"datePublished\":\"2025-05-27T09:25:51+00:00\",\"dateModified\":\"2025-06-23T10:50:25+00:00\",\"breadcrumb\":{\"@id\":\"https:\/\/lechatzen.ovh\/index.php\/accueil-du-chat-age\/#breadcrumb\"},\"inLanguage\":\"fr-FR\",\"potentialAction\":[{\"@type\":\"ReadAction\",\"target\":[\"https:\/\/lechatzen.ovh\/index.php\/accueil-du-chat-age\/\"]}]},{\"@type\":\"ImageObject\",\"inLanguage\":\"fr-FR\",\"@id\":\"https:\/\/lechatzen.ovh\/index.php\/accueil-du-chat-age\/#primaryimage\",\"url\":\"https:\/\/lechatzen.ovh\/wp-content\/uploads\/2025\/05\/pexels-reda-captures-1210576448-31330792-scaled-e1750673083925.jpg\",\"contentUrl\":\"https:\/\/lechatzen.ovh\/wp-content\/uploads\/2025\/05\/pexels-reda-captures-1210576448-31330792-scaled-e1750673083925.jpg\",\"width\":1928,\"height\":1617},{\"@type\":\"BreadcrumbList\",\"@id\":\"https:\/\/lechatzen.ovh\/index.php\/accueil-du-chat-age\/#breadcrumb\",\"itemListElement\":[{\"@type\":\"ListItem\",\"position\":1,\"name\":\"Accueil\",\"item\":\"https:\/\/lechatzen.ovh\/\"},{\"@type\":\"ListItem\",\"position\":2,\"name\":\"Adaptation au chat\u00a0\u00e2g\u00e9\"}]},{\"@type\":\"WebSite\",\"@id\":\"https:\/\/lechatzen.ovh\/#website\",\"url\":\"https:\/\/lechatzen.ovh\/\",\"name\":\"Le chat zen _Comportementaliste f\u00e9lin\",\"description\":\"Une comportementaliste \u00e0 votre \u00e9coute\",\"publisher\":{\"@id\":\"https:\/\/lechatzen.ovh\/#organization\"},\"potentialAction\":[{\"@type\":\"SearchAction\",\"target\":{\"@type\":\"EntryPoint\",\"urlTemplate\":\"https:\/\/lechatzen.ovh\/?s={search_term_string}\"},\"query-input\":{\"@type\":\"PropertyValueSpecification\",\"valueRequired\":true,\"valueName\":\"search_term_string\"}}],\"inLanguage\":\"fr-FR\"},{\"@type\":\"Organization\",\"@id\":\"https:\/\/lechatzen.ovh\/#organization\",\"name\":\"Le chat zen _Comportementaliste f\u00e9lin\",\"url\":\"https:\/\/lechatzen.ovh\/\",\"logo\":{\"@type\":\"ImageObject\",\"inLanguage\":\"fr-FR\",\"@id\":\"https:\/\/lechatzen.ovh\/#\/schema\/logo\/image\/\",\"url\":\"https:\/\/lechatzen.ovh\/wp-content\/uploads\/2025\/06\/Logo.png\",\"contentUrl\":\"https:\/\/lechatzen.ovh\/wp-content\/uploads\/2025\/06\/Logo.png\",\"width\":500,\"height\":500,\"caption\":\"Le chat zen _Comportementaliste f\u00e9lin\"},\"image\":{\"@id\":\"https:\/\/lechatzen.ovh\/#\/schema\/logo\/image\/\"},\"sameAs\":[\"https:\/\/www.facebook.com\/profile.php?id=61570451984871\",\"https:\/\/fr.pinterest.com\/eilechatzen\",\"https:\/\/www.instagram.com\/lechat.zen\/?fbclid=IwY2xjawLGD9hleHRuA2FlbQIxMQBicmlkETB2R3B5N3M4WjBYWjZlQWdJAR5P0356IDtR6oaTSNpGg5H0eqBRczWLOCm1ssLn-IF8DTG-fhIHflSd8RC7AQ_aem_AGPPNnxXAfTqsbUJuc_4iQ\"]}]}<\/script>\n<!-- \/ Yoast SEO plugin. -->","yoast_head_json":{"title":"Adaptation au chat\u00a0\u00e2g\u00e9 - Le chat zen _Comportementaliste f\u00e9lin","robots":{"index":"index","follow":"follow","max-snippet":"max-snippet:-1","max-image-preview":"max-image-preview:large","max-video-preview":"max-video-preview:-1"},"canonical":"https:\/\/lechatzen.ovh\/index.php\/accueil-du-chat-age\/","og_locale":"fr_FR","og_type":"article","og_title":"Adaptation au chat\u00a0\u00e2g\u00e9 - Le chat zen _Comportementaliste f\u00e9lin","og_description":"Offrir confort et s\u00e9r\u00e9nit\u00e9 \u00e0 votre compagnon senior Comme nous, les chats vieillissent\u2026 et leurs besoins \u00e9voluent. Mobilit\u00e9 r\u00e9duite, sens en d\u00e9clin, habitudes modifi\u00e9es : pour que votre compagnon continue \u00e0 vivre heureux et serein chez vous, quelques ajustements peuvent faire toute la diff\u00e9rence. Je vous propose un accompagnement personnalis\u00e9, \u00e0 domicile ou \u00e0 distance, [&hellip;]","og_url":"https:\/\/lechatzen.ovh\/index.php\/accueil-du-chat-age\/","og_site_name":"Le chat zen _Comportementaliste f\u00e9lin","article_publisher":"https:\/\/www.facebook.com\/profile.php?id=61570451984871","article_modified_time":"2025-06-23T10:50:25+00:00","og_image":[{"width":1928,"height":1617,"url":"https:\/\/lechatzen.ovh\/wp-content\/uploads\/2025\/05\/pexels-reda-captures-1210576448-31330792-scaled-e1750673083925.jpg","type":"image\/jpeg"}],"twitter_card":"summary_large_image","twitter_misc":{"Dur\u00e9e de lecture estim\u00e9e":"1 minute"},"schema":{"@context":"https:\/\/schema.org","@graph":[{"@type":"WebPage","@id":"https:\/\/lechatzen.ovh\/index.php\/accueil-du-chat-age\/","url":"https:\/\/lechatzen.ovh\/index.php\/accueil-du-chat-age\/","name":"Adaptation au chat\u00a0\u00e2g\u00e9 - Le chat zen _Comportementaliste f\u00e9lin","isPartOf":{"@id":"https:\/\/lechatzen.ovh\/#website"},"primaryImageOfPage":{"@id":"https:\/\/lechatzen.ovh\/index.php\/accueil-du-chat-age\/#primaryimage"},"image":{"@id":"https:\/\/lechatzen.ovh\/index.php\/accueil-du-chat-age\/#primaryimage"},"thumbnailUrl":"http:\/\/lechatzen.ovh\/wp-content\/uploads\/2025\/05\/pexels-reda-captures-1210576448-31330792.jpg?w=771","datePublished":"2025-05-27T09:25:51+00:00","dateModified":"2025-06-23T10:50:25+00:00","breadcrumb":{"@id":"https:\/\/lechatzen.ovh\/index.php\/accueil-du-chat-age\/#breadcrumb"},"inLanguage":"fr-FR","potentialAction":[{"@type":"ReadAction","target":["https:\/\/lechatzen.ovh\/index.php\/accueil-du-chat-age\/"]}]},{"@type":"ImageObject","inLanguage":"fr-FR","@id":"https:\/\/lechatzen.ovh\/index.php\/accueil-du-chat-age\/#primaryimage","url":"https:\/\/lechatzen.ovh\/wp-content\/uploads\/2025\/05\/pexels-reda-captures-1210576448-31330792-scaled-e1750673083925.jpg","contentUrl":"https:\/\/lechatzen.ovh\/wp-content\/uploads\/2025\/05\/pexels-reda-captures-1210576448-31330792-scaled-e1750673083925.jpg","width":1928,"height":1617},{"@type":"BreadcrumbList","@id":"https:\/\/lechatzen.ovh\/index.php\/accueil-du-chat-age\/#breadcrumb","itemListElement":[{"@type":"ListItem","position":1,"name":"Accueil","item":"https:\/\/lechatzen.ovh\/"},{"@type":"ListItem","position":2,"name":"Adaptation au chat\u00a0\u00e2g\u00e9"}]},{"@type":"WebSite","@id":"https:\/\/lechatzen.ovh\/#website","url":"https:\/\/lechatzen.ovh\/","name":"Le chat zen _Comportementaliste f\u00e9lin","description":"Une comportementaliste \u00e0 votre \u00e9coute","publisher":{"@id":"https:\/\/lechatzen.ovh\/#organization"},"potentialAction":[{"@type":"SearchAction","target":{"@type":"EntryPoint","urlTemplate":"https:\/\/lechatzen.ovh\/?s={search_term_string}"},"query-input":{"@type":"PropertyValueSpecification","valueRequired":true,"valueName":"search_term_string"}}],"inLanguage":"fr-FR"},{"@type":"Organization","@id":"https:\/\/lechatzen.ovh\/#organization","name":"Le chat zen _Comportementaliste f\u00e9lin","url":"https:\/\/lechatzen.ovh\/","logo":{"@type":"ImageObject","inLanguage":"fr-FR","@id":"https:\/\/lechatzen.ovh\/#\/schema\/logo\/image\/","url":"https:\/\/lechatzen.ovh\/wp-content\/uploads\/2025\/06\/Logo.png","contentUrl":"https:\/\/lechatzen.ovh\/wp-content\/uploads\/2025\/06\/Logo.png","width":500,"height":500,"caption":"Le chat zen _Comportementaliste f\u00e9lin"},"image":{"@id":"https:\/\/lechatzen.ovh\/#\/schema\/logo\/image\/"},"sameAs":["https:\/\/www.facebook.com\/profile.php?id=61570451984871","https:\/\/fr.pinterest.com\/eilechatzen","https:\/\/www.instagram.com\/lechat.zen\/?fbclid=IwY2xjawLGD9hleHRuA2FlbQIxMQBicmlkETB2R3B5N3M4WjBYWjZlQWdJAR5P0356IDtR6oaTSNpGg5H0eqBRczWLOCm1ssLn-IF8DTG-fhIHflSd8RC7AQ_aem_AGPPNnxXAfTqsbUJuc_4iQ"]}]}},"_links":{"self":[{"href":"https:\/\/lechatzen.ovh\/index.php\/wp-json\/wp\/v2\/pages\/111","targetHints":{"allow":["GET"]}}],"collection":[{"href":"https:\/\/lechatzen.ovh\/index.php\/wp-json\/wp\/v2\/pages"}],"about":[{"href":"https:\/\/lechatzen.ovh\/index.php\/wp-json\/wp\/v2\/types\/page"}],"author":[{"embeddable":true,"href":"https:\/\/lechatzen.ovh\/index.php\/wp-json\/wp\/v2\/users\/2"}],"replies":[{"embeddable":true,"href":"https:\/\/lechatzen.ovh\/index.php\/wp-json\/wp\/v2\/comments?post=111"}],"version-history":[{"count":2,"href":"https:\/\/lechatzen.ovh\/index.php\/wp-json\/wp\/v2\/pages\/111\/revisions"}],"predecessor-version":[{"id":313,"href":"https:\/\/lechatzen.ovh\/index.php\/wp-json\/wp\/v2\/pages\/111\/revisions\/313"}],"wp:attachment":[{"href":"https:\/\/lechatzen.ovh\/index.php\/wp-json\/wp\/v2\/media?parent=111"}],"curies":[{"name":"wp","href":"https:\/\/api.w.org\/{rel}","templated":true}]}}