{"id":116,"date":"2025-05-27T11:26:46","date_gmt":"2025-05-27T09:26:46","guid":{"rendered":"https:\/\/eilechatzen.wordpress.com\/?page_id=116"},"modified":"2025-06-23T12:50:26","modified_gmt":"2025-06-23T10:50:26","slug":"seances-collectives-a-theme","status":"publish","type":"page","link":"https:\/\/lechatzen.ovh\/index.php\/seances-collectives-a-theme\/","title":{"rendered":"S\u00e9ances collectives \u00e0 th\u00e8me"},"content":{"rendered":"\n<div class=\"wp-block-columns is-layout-flex wp-container-core-columns-is-layout-28f84493 wp-block-columns-is-layout-flex\">\n<div class=\"wp-block-column is-layout-flow wp-block-column-is-layout-flow\" style=\"flex-basis:33.33%\">\n<figure class=\"wp-block-image size-large\"><img decoding=\"async\" src=\"http:\/\/lechatzen.ovh\/wp-content\/uploads\/2025\/05\/pexels-anete-lusina-6334588-1.jpg?w=684\" alt=\"\" class=\"wp-image-118\" \/><\/figure>\n<\/div>\n\n\n\n<div class=\"wp-block-column is-layout-flow wp-block-column-is-layout-flow\" style=\"flex-basis:66.66%\">\n<h3 class=\"wp-block-heading\">Comprendre son chat, tout simplement<\/h3>\n\n\n\n<p>Votre chat miaule sans arr\u00eat ? Vous vous demandez pourquoi il vous suit partout, vous mord apr\u00e8s avoir ronronn\u00e9, ou griffe vos meubles malgr\u00e9 les griffoirs ?<br>Vous n\u2019\u00eates pas seul(e) \u00e0 vous poser ces questions\u2026 et bonne nouvelle : il existe des r\u00e9ponses simples, bienveillantes et \u00e9clairantes pour mieux comprendre le <strong>comportement de votre chat<\/strong>.<\/p>\n\n\n\n<p>Je vous propose des <strong>s\u00e9ances collectives en ligne<\/strong>, \u00e0 <strong>prix tout doux<\/strong>, pour explorer ensemble les grandes questions que se posent les amoureux des chats.<\/p>\n\n\n\n<h5 class=\"wp-block-heading\">Des th\u00e9matiques vari\u00e9es, abord\u00e9es avec p\u00e9dagogie<\/h5>\n\n\n\n<p>Chaque s\u00e9ance en visioconf\u00e9rence aborde un <strong>th\u00e8me pr\u00e9cis li\u00e9 au comportement du chat<\/strong>, dans un format accessible \u00e0 tous :<\/p>\n\n\n\n<ul class=\"wp-block-list\">\n<li>Pourquoi mon chat miaule-t-il tout le temps ?<\/li>\n\n\n\n<li>Pourquoi mon chat me suit-il partout ?<\/li>\n\n\n\n<li>Pourquoi mon chat me mord quand je le caresse ?<\/li>\n\n\n\n<li>Pourquoi mon chat griffe les meubles ?<\/li>\n\n\n\n<li>Pourquoi mon chat court partout la nuit ?<\/li>\n\n\n\n<li>Pourquoi mon chat me l\u00e8che ?<\/li>\n\n\n\n<li>Comment savoir si mon chat est heureux ?<\/li>\n\n\n\n<li>Comment r\u00e9agir quand mon chat m\u2019apporte une proie ?<\/li>\n\n\n\n<li>Et bien d\u2019autres sujets encore !<\/li>\n<\/ul>\n\n\n\n<p><strong>Format collectif en petit groupe<\/strong> pour permettre les \u00e9changes<br><strong>Conseils pratiques<\/strong>, accessibles m\u00eame sans connaissances pr\u00e9alables<br><strong>100 % en ligne<\/strong>, depuis chez vous<br><strong>Tarifs tout doux<\/strong>, pour rendre le savoir accessible \u00e0 tous<\/p>\n\n\n\n<h5 class=\"wp-block-heading\">Consultez le planning des th\u00e9matiques \u00e0 venir<\/h5>\n\n\n\n<p>Le planning des prochaines s\u00e9ances et leurs th\u00e9matiques est disponible directement sur le site ou sur les r\u00e9seaux.<br>Chaque mois, de nouveaux sujets sont propos\u00e9s en fonction de vos questions les plus fr\u00e9quentes.<\/p>\n\n\n\n<p>Anim\u00e9es par une professionnelle certifi\u00e9e ACACED et sp\u00e9cialis\u00e9e en comportement f\u00e9lin, ces s\u00e9ances sont une belle occasion de mieux comprendre votre chat pour am\u00e9liorer votre relation au quotidien.<\/p>\n\n\n\n<hr class=\"wp-block-separator has-alpha-channel-opacity\" \/>\n\n\n\n<p>Rejoignez une communaut\u00e9 bienveillante de passionn\u00e9s de chats et explorez leurs myst\u00e8res !<br><strong>Contactez-moi d\u00e8s maintenant en cliquant ici :  <\/strong><a href=\"https:\/\/eilechatzen.wordpress.com\/prendre-rendez-vous\/\">Contacts<\/a><\/p>\n<\/div>\n<\/div>\n","protected":false},"excerpt":{"rendered":"<p>Comprendre son chat, tout simplement Votre chat miaule sans arr\u00eat ? Vous vous demandez pourquoi il vous suit partout, vous mord apr\u00e8s avoir ronronn\u00e9, ou griffe vos meubles malgr\u00e9 les griffoirs ?Vous n\u2019\u00eates pas seul(e) \u00e0 vous poser ces questions\u2026 et bonne nouvelle : il existe des r\u00e9ponses simples, bienveillantes et \u00e9clairantes pour mieux comprendre [&hellip;]<\/p>\n","protected":false},"author":2,"featured_media":0,"parent":0,"menu_order":0,"comment_status":"closed","ping_status":"closed","template":"","meta":{"footnotes":""},"class_list":["post-116","page","type-page","status-publish","hentry"],"yoast_head":"<!-- This site is optimized with the Yoast SEO plugin v25.3.1 - https:\/\/yoast.com\/wordpress\/plugins\/seo\/ -->\n<title>S\u00e9ances collectives \u00e0 th\u00e8me - Le chat zen _Comportementaliste f\u00e9lin<\/title>\n<meta name=\"robots\" content=\"index, follow, max-snippet:-1, max-image-preview:large, max-video-preview:-1\" \/>\n<link rel=\"canonical\" href=\"https:\/\/lechatzen.ovh\/index.php\/seances-collectives-a-theme\/\" \/>\n<meta property=\"og:locale\" content=\"fr_FR\" \/>\n<meta property=\"og:type\" content=\"article\" \/>\n<meta property=\"og:title\" content=\"S\u00e9ances collectives \u00e0 th\u00e8me - Le chat zen _Comportementaliste f\u00e9lin\" \/>\n<meta property=\"og:description\" content=\"Comprendre son chat, tout simplement Votre chat miaule sans arr\u00eat ? Vous vous demandez pourquoi il vous suit partout, vous mord apr\u00e8s avoir ronronn\u00e9, ou griffe vos meubles malgr\u00e9 les griffoirs ?Vous n\u2019\u00eates pas seul(e) \u00e0 vous poser ces questions\u2026 et bonne nouvelle : il existe des r\u00e9ponses simples, bienveillantes et \u00e9clairantes pour mieux comprendre [&hellip;]\" \/>\n<meta property=\"og:url\" content=\"https:\/\/lechatzen.ovh\/index.php\/seances-collectives-a-theme\/\" \/>\n<meta property=\"og:site_name\" content=\"Le chat zen _Comportementaliste f\u00e9lin\" \/>\n<meta property=\"article:publisher\" content=\"https:\/\/www.facebook.com\/profile.php?id=61570451984871\" \/>\n<meta property=\"article:modified_time\" content=\"2025-06-23T10:50:26+00:00\" \/>\n<meta property=\"og:image\" content=\"https:\/\/lechatzen.ovh\/wp-content\/uploads\/2025\/05\/pexels-anete-lusina-6334588-1-scaled-e1750672935175.jpg\" \/>\n\t<meta property=\"og:image:width\" content=\"1709\" \/>\n\t<meta property=\"og:image:height\" content=\"1946\" \/>\n\t<meta property=\"og:image:type\" content=\"image\/jpeg\" \/>\n<meta name=\"twitter:card\" content=\"summary_large_image\" \/>\n<meta name=\"twitter:label1\" content=\"Dur\u00e9e de lecture estim\u00e9e\" \/>\n\t<meta name=\"twitter:data1\" content=\"2 minutes\" \/>\n<script type=\"application\/ld+json\" class=\"yoast-schema-graph\">{\"@context\":\"https:\/\/schema.org\",\"@graph\":[{\"@type\":\"WebPage\",\"@id\":\"https:\/\/lechatzen.ovh\/index.php\/seances-collectives-a-theme\/\",\"url\":\"https:\/\/lechatzen.ovh\/index.php\/seances-collectives-a-theme\/\",\"name\":\"S\u00e9ances collectives \u00e0 th\u00e8me - Le chat zen _Comportementaliste f\u00e9lin\",\"isPartOf\":{\"@id\":\"https:\/\/lechatzen.ovh\/#website\"},\"primaryImageOfPage\":{\"@id\":\"https:\/\/lechatzen.ovh\/index.php\/seances-collectives-a-theme\/#primaryimage\"},\"image\":{\"@id\":\"https:\/\/lechatzen.ovh\/index.php\/seances-collectives-a-theme\/#primaryimage\"},\"thumbnailUrl\":\"http:\/\/lechatzen.ovh\/wp-content\/uploads\/2025\/05\/pexels-anete-lusina-6334588-1.jpg?w=684\",\"datePublished\":\"2025-05-27T09:26:46+00:00\",\"dateModified\":\"2025-06-23T10:50:26+00:00\",\"breadcrumb\":{\"@id\":\"https:\/\/lechatzen.ovh\/index.php\/seances-collectives-a-theme\/#breadcrumb\"},\"inLanguage\":\"fr-FR\",\"potentialAction\":[{\"@type\":\"ReadAction\",\"target\":[\"https:\/\/lechatzen.ovh\/index.php\/seances-collectives-a-theme\/\"]}]},{\"@type\":\"ImageObject\",\"inLanguage\":\"fr-FR\",\"@id\":\"https:\/\/lechatzen.ovh\/index.php\/seances-collectives-a-theme\/#primaryimage\",\"url\":\"https:\/\/lechatzen.ovh\/wp-content\/uploads\/2025\/05\/pexels-anete-lusina-6334588-1-scaled-e1750672935175.jpg\",\"contentUrl\":\"https:\/\/lechatzen.ovh\/wp-content\/uploads\/2025\/05\/pexels-anete-lusina-6334588-1-scaled-e1750672935175.jpg\",\"width\":1709,\"height\":1946},{\"@type\":\"BreadcrumbList\",\"@id\":\"https:\/\/lechatzen.ovh\/index.php\/seances-collectives-a-theme\/#breadcrumb\",\"itemListElement\":[{\"@type\":\"ListItem\",\"position\":1,\"name\":\"Accueil\",\"item\":\"https:\/\/lechatzen.ovh\/\"},{\"@type\":\"ListItem\",\"position\":2,\"name\":\"S\u00e9ances collectives \u00e0 th\u00e8me\"}]},{\"@type\":\"WebSite\",\"@id\":\"https:\/\/lechatzen.ovh\/#website\",\"url\":\"https:\/\/lechatzen.ovh\/\",\"name\":\"Le chat zen _Comportementaliste f\u00e9lin\",\"description\":\"Une comportementaliste \u00e0 votre \u00e9coute\",\"publisher\":{\"@id\":\"https:\/\/lechatzen.ovh\/#organization\"},\"potentialAction\":[{\"@type\":\"SearchAction\",\"target\":{\"@type\":\"EntryPoint\",\"urlTemplate\":\"https:\/\/lechatzen.ovh\/?s={search_term_string}\"},\"query-input\":{\"@type\":\"PropertyValueSpecification\",\"valueRequired\":true,\"valueName\":\"search_term_string\"}}],\"inLanguage\":\"fr-FR\"},{\"@type\":\"Organization\",\"@id\":\"https:\/\/lechatzen.ovh\/#organization\",\"name\":\"Le chat zen _Comportementaliste f\u00e9lin\",\"url\":\"https:\/\/lechatzen.ovh\/\",\"logo\":{\"@type\":\"ImageObject\",\"inLanguage\":\"fr-FR\",\"@id\":\"https:\/\/lechatzen.ovh\/#\/schema\/logo\/image\/\",\"url\":\"https:\/\/lechatzen.ovh\/wp-content\/uploads\/2025\/06\/Logo.png\",\"contentUrl\":\"https:\/\/lechatzen.ovh\/wp-content\/uploads\/2025\/06\/Logo.png\",\"width\":500,\"height\":500,\"caption\":\"Le chat zen _Comportementaliste f\u00e9lin\"},\"image\":{\"@id\":\"https:\/\/lechatzen.ovh\/#\/schema\/logo\/image\/\"},\"sameAs\":[\"https:\/\/www.facebook.com\/profile.php?id=61570451984871\",\"https:\/\/fr.pinterest.com\/eilechatzen\",\"https:\/\/www.instagram.com\/lechat.zen\/?fbclid=IwY2xjawLGD9hleHRuA2FlbQIxMQBicmlkETB2R3B5N3M4WjBYWjZlQWdJAR5P0356IDtR6oaTSNpGg5H0eqBRczWLOCm1ssLn-IF8DTG-fhIHflSd8RC7AQ_aem_AGPPNnxXAfTqsbUJuc_4iQ\"]}]}<\/script>\n<!-- \/ Yoast SEO plugin. -->","yoast_head_json":{"title":"S\u00e9ances collectives \u00e0 th\u00e8me - Le chat zen _Comportementaliste f\u00e9lin","robots":{"index":"index","follow":"follow","max-snippet":"max-snippet:-1","max-image-preview":"max-image-preview:large","max-video-preview":"max-video-preview:-1"},"canonical":"https:\/\/lechatzen.ovh\/index.php\/seances-collectives-a-theme\/","og_locale":"fr_FR","og_type":"article","og_title":"S\u00e9ances collectives \u00e0 th\u00e8me - Le chat zen _Comportementaliste f\u00e9lin","og_description":"Comprendre son chat, tout simplement Votre chat miaule sans arr\u00eat ? Vous vous demandez pourquoi il vous suit partout, vous mord apr\u00e8s avoir ronronn\u00e9, ou griffe vos meubles malgr\u00e9 les griffoirs ?Vous n\u2019\u00eates pas seul(e) \u00e0 vous poser ces questions\u2026 et bonne nouvelle : il existe des r\u00e9ponses simples, bienveillantes et \u00e9clairantes pour mieux comprendre [&hellip;]","og_url":"https:\/\/lechatzen.ovh\/index.php\/seances-collectives-a-theme\/","og_site_name":"Le chat zen _Comportementaliste f\u00e9lin","article_publisher":"https:\/\/www.facebook.com\/profile.php?id=61570451984871","article_modified_time":"2025-06-23T10:50:26+00:00","og_image":[{"width":1709,"height":1946,"url":"https:\/\/lechatzen.ovh\/wp-content\/uploads\/2025\/05\/pexels-anete-lusina-6334588-1-scaled-e1750672935175.jpg","type":"image\/jpeg"}],"twitter_card":"summary_large_image","twitter_misc":{"Dur\u00e9e de lecture estim\u00e9e":"2 minutes"},"schema":{"@context":"https:\/\/schema.org","@graph":[{"@type":"WebPage","@id":"https:\/\/lechatzen.ovh\/index.php\/seances-collectives-a-theme\/","url":"https:\/\/lechatzen.ovh\/index.php\/seances-collectives-a-theme\/","name":"S\u00e9ances collectives \u00e0 th\u00e8me - Le chat zen _Comportementaliste f\u00e9lin","isPartOf":{"@id":"https:\/\/lechatzen.ovh\/#website"},"primaryImageOfPage":{"@id":"https:\/\/lechatzen.ovh\/index.php\/seances-collectives-a-theme\/#primaryimage"},"image":{"@id":"https:\/\/lechatzen.ovh\/index.php\/seances-collectives-a-theme\/#primaryimage"},"thumbnailUrl":"http:\/\/lechatzen.ovh\/wp-content\/uploads\/2025\/05\/pexels-anete-lusina-6334588-1.jpg?w=684","datePublished":"2025-05-27T09:26:46+00:00","dateModified":"2025-06-23T10:50:26+00:00","breadcrumb":{"@id":"https:\/\/lechatzen.ovh\/index.php\/seances-collectives-a-theme\/#breadcrumb"},"inLanguage":"fr-FR","potentialAction":[{"@type":"ReadAction","target":["https:\/\/lechatzen.ovh\/index.php\/seances-collectives-a-theme\/"]}]},{"@type":"ImageObject","inLanguage":"fr-FR","@id":"https:\/\/lechatzen.ovh\/index.php\/seances-collectives-a-theme\/#primaryimage","url":"https:\/\/lechatzen.ovh\/wp-content\/uploads\/2025\/05\/pexels-anete-lusina-6334588-1-scaled-e1750672935175.jpg","contentUrl":"https:\/\/lechatzen.ovh\/wp-content\/uploads\/2025\/05\/pexels-anete-lusina-6334588-1-scaled-e1750672935175.jpg","width":1709,"height":1946},{"@type":"BreadcrumbList","@id":"https:\/\/lechatzen.ovh\/index.php\/seances-collectives-a-theme\/#breadcrumb","itemListElement":[{"@type":"ListItem","position":1,"name":"Accueil","item":"https:\/\/lechatzen.ovh\/"},{"@type":"ListItem","position":2,"name":"S\u00e9ances collectives \u00e0 th\u00e8me"}]},{"@type":"WebSite","@id":"https:\/\/lechatzen.ovh\/#website","url":"https:\/\/lechatzen.ovh\/","name":"Le chat zen _Comportementaliste f\u00e9lin","description":"Une comportementaliste \u00e0 votre \u00e9coute","publisher":{"@id":"https:\/\/lechatzen.ovh\/#organization"},"potentialAction":[{"@type":"SearchAction","target":{"@type":"EntryPoint","urlTemplate":"https:\/\/lechatzen.ovh\/?s={search_term_string}"},"query-input":{"@type":"PropertyValueSpecification","valueRequired":true,"valueName":"search_term_string"}}],"inLanguage":"fr-FR"},{"@type":"Organization","@id":"https:\/\/lechatzen.ovh\/#organization","name":"Le chat zen _Comportementaliste f\u00e9lin","url":"https:\/\/lechatzen.ovh\/","logo":{"@type":"ImageObject","inLanguage":"fr-FR","@id":"https:\/\/lechatzen.ovh\/#\/schema\/logo\/image\/","url":"https:\/\/lechatzen.ovh\/wp-content\/uploads\/2025\/06\/Logo.png","contentUrl":"https:\/\/lechatzen.ovh\/wp-content\/uploads\/2025\/06\/Logo.png","width":500,"height":500,"caption":"Le chat zen _Comportementaliste f\u00e9lin"},"image":{"@id":"https:\/\/lechatzen.ovh\/#\/schema\/logo\/image\/"},"sameAs":["https:\/\/www.facebook.com\/profile.php?id=61570451984871","https:\/\/fr.pinterest.com\/eilechatzen","https:\/\/www.instagram.com\/lechat.zen\/?fbclid=IwY2xjawLGD9hleHRuA2FlbQIxMQBicmlkETB2R3B5N3M4WjBYWjZlQWdJAR5P0356IDtR6oaTSNpGg5H0eqBRczWLOCm1ssLn-IF8DTG-fhIHflSd8RC7AQ_aem_AGPPNnxXAfTqsbUJuc_4iQ"]}]}},"_links":{"self":[{"href":"https:\/\/lechatzen.ovh\/index.php\/wp-json\/wp\/v2\/pages\/116","targetHints":{"allow":["GET"]}}],"collection":[{"href":"https:\/\/lechatzen.ovh\/index.php\/wp-json\/wp\/v2\/pages"}],"about":[{"href":"https:\/\/lechatzen.ovh\/index.php\/wp-json\/wp\/v2\/types\/page"}],"author":[{"embeddable":true,"href":"https:\/\/lechatzen.ovh\/index.php\/wp-json\/wp\/v2\/users\/2"}],"replies":[{"embeddable":true,"href":"https:\/\/lechatzen.ovh\/index.php\/wp-json\/wp\/v2\/comments?post=116"}],"version-history":[{"count":1,"href":"https:\/\/lechatzen.ovh\/index.php\/wp-json\/wp\/v2\/pages\/116\/revisions"}],"predecessor-version":[{"id":241,"href":"https:\/\/lechatzen.ovh\/index.php\/wp-json\/wp\/v2\/pages\/116\/revisions\/241"}],"wp:attachment":[{"href":"https:\/\/lechatzen.ovh\/index.php\/wp-json\/wp\/v2\/media?parent=116"}],"curies":[{"name":"wp","href":"https:\/\/api.w.org\/{rel}","templated":true}]}}