{"id":176,"date":"2025-05-26T08:57:23","date_gmt":"2025-05-26T08:57:23","guid":{"rendered":"http:\/\/eilechatzen.wordpress.com\/?page_id=1"},"modified":"2025-06-23T12:50:26","modified_gmt":"2025-06-23T10:50:26","slug":"about","status":"publish","type":"page","link":"https:\/\/lechatzen.ovh\/index.php\/about\/","title":{"rendered":"Qui suis-je?"},"content":{"rendered":"\n<div class=\"wp-block-columns is-layout-flex wp-container-core-columns-is-layout-28f84493 wp-block-columns-is-layout-flex\">\n<div class=\"wp-block-column is-layout-flow wp-block-column-is-layout-flow\" style=\"flex-basis:100%\">\n<div class=\"wp-block-cover\"><img loading=\"lazy\" decoding=\"async\" width=\"445\" height=\"457\" class=\"wp-block-cover__image-background wp-image-85\" alt=\"\" src=\"http:\/\/lechatzen.ovh\/wp-content\/uploads\/2025\/05\/capture-decran-2025-05-26-153338.png\" data-object-fit=\"cover\" srcset=\"https:\/\/lechatzen.ovh\/wp-content\/uploads\/2025\/05\/capture-decran-2025-05-26-153338.png 445w, https:\/\/lechatzen.ovh\/wp-content\/uploads\/2025\/05\/capture-decran-2025-05-26-153338-292x300.png 292w\" sizes=\"auto, (max-width: 445px) 100vw, 445px\" \/><span aria-hidden=\"true\" class=\"wp-block-cover__background has-background-dim\"><\/span><div class=\"wp-block-cover__inner-container is-layout-flow wp-block-cover-is-layout-flow\">\n<blockquote class=\"wp-block-quote is-layout-flow wp-block-quote-is-layout-flow\">\n<p class=\"has-text-align-center has-large-font-size\"><em>Violaine, comportementaliste passionn\u00e9e &#8230;<\/em><\/p>\n<\/blockquote>\n<\/div><\/div>\n<\/div>\n<\/div>\n\n\n\n<div class=\"wp-block-group is-nowrap is-layout-flex wp-container-core-group-is-layout-6c531013 wp-block-group-is-layout-flex\">\n<div class=\"wp-block-group is-layout-constrained wp-block-group-is-layout-constrained\">\n<div class=\"wp-block-columns is-layout-flex wp-container-core-columns-is-layout-28f84493 wp-block-columns-is-layout-flex\">\n<div class=\"wp-block-column is-layout-flow wp-block-column-is-layout-flow\" style=\"flex-basis:100%\">\n<div class=\"wp-block-group is-layout-constrained wp-block-group-is-layout-constrained\">\n<p>Je suis Violaine,  j&rsquo;aime la nature et les chats. J&rsquo;ai \u00e9t\u00e9 sage-femme pendant 12 ans avant de me consacrer \u00e0 la protection de l&rsquo;environnement. Aujourd&rsquo;hui, je me d\u00e9die au bien-\u00eatre des chats et \u00e0 leur relation avec les humains.<\/p>\n\n\n\n<p>J\u2019ai grandi entour\u00e9e de chiens, mais c\u2019est mon premier chat, arriv\u00e9 dans ma vie \u00e0 l\u2019\u00e2ge de 12 ans, qui a \u00e9veill\u00e9 en moi une passion ind\u00e9fectible pour ces merveilleux f\u00e9lins. Depuis, je n\u2019ai jamais v\u00e9cu sans eux.<br>Actuellement, je partage mon quotidien avec trois boules de poils au caract\u00e8re bien tremp\u00e9 : Darwin (15 ans, la tranquille), Muffin (3 ans, la caline) et Bounty (2 ans, le joueur).<\/p>\n\n\n\n<p>Titulaire de l\u2019<strong>ACACED<\/strong> (2025) et d\u2019un <strong>dipl\u00f4me de comportementaliste f\u00e9lin<\/strong>, je propose un accompagnement bienveillant, bas\u00e9 sur l\u2019\u00e9coute, l\u2019observation et la compr\u00e9hension du comportement du chat\u2026 et de son humain !<\/p>\n\n\n\n<blockquote class=\"wp-block-quote is-layout-flow wp-block-quote-is-layout-flow\">\n<p><mark style=\"background-color:#F6F6F6;color:#0693e3\" class=\"has-inline-color\">Mon objectif : vous aider \u00e0 retrouver ou renforcer une relation apais\u00e9e, respectueuse et complice avec votre compagnon \u00e0 moustaches.<\/mark><\/p>\n<\/blockquote>\n\n\n\n<figure class=\"wp-block-gallery has-nested-images columns-default is-cropped wp-block-gallery-1 is-layout-flex wp-block-gallery-is-layout-flex\">\n<figure class=\"wp-block-image size-large\"><img loading=\"lazy\" decoding=\"async\" width=\"768\" height=\"1024\" data-id=\"186\" src=\"https:\/\/lechatzen.ovh\/wp-content\/uploads\/2025\/05\/l9voqlun-1-768x1024.jpg\" alt=\"\" class=\"wp-image-186\" srcset=\"https:\/\/lechatzen.ovh\/wp-content\/uploads\/2025\/05\/l9voqlun-1-768x1024.jpg 768w, https:\/\/lechatzen.ovh\/wp-content\/uploads\/2025\/05\/l9voqlun-1-600x800.jpg 600w, https:\/\/lechatzen.ovh\/wp-content\/uploads\/2025\/05\/l9voqlun-1-225x300.jpg 225w, https:\/\/lechatzen.ovh\/wp-content\/uploads\/2025\/05\/l9voqlun-1-1152x1536.jpg 1152w, https:\/\/lechatzen.ovh\/wp-content\/uploads\/2025\/05\/l9voqlun-1.jpg 1536w\" sizes=\"auto, (max-width: 768px) 100vw, 768px\" \/><\/figure>\n\n\n\n<figure class=\"wp-block-image size-large\"><img loading=\"lazy\" decoding=\"async\" width=\"652\" height=\"1024\" data-id=\"181\" src=\"https:\/\/lechatzen.ovh\/wp-content\/uploads\/2025\/05\/324noz_w-1-652x1024.jpg\" alt=\"\" class=\"wp-image-181\" srcset=\"https:\/\/lechatzen.ovh\/wp-content\/uploads\/2025\/05\/324noz_w-1-652x1024.jpg 652w, https:\/\/lechatzen.ovh\/wp-content\/uploads\/2025\/05\/324noz_w-1-600x943.jpg 600w, https:\/\/lechatzen.ovh\/wp-content\/uploads\/2025\/05\/324noz_w-1-191x300.jpg 191w, https:\/\/lechatzen.ovh\/wp-content\/uploads\/2025\/05\/324noz_w-1-768x1207.jpg 768w, https:\/\/lechatzen.ovh\/wp-content\/uploads\/2025\/05\/324noz_w-1.jpg 920w\" sizes=\"auto, (max-width: 652px) 100vw, 652px\" \/><\/figure>\n\n\n\n<figure class=\"wp-block-image size-large\"><img loading=\"lazy\" decoding=\"async\" width=\"460\" height=\"1024\" data-id=\"173\" src=\"https:\/\/lechatzen.ovh\/wp-content\/uploads\/2025\/05\/wsvszdkg-1-460x1024.jpg\" alt=\"\" class=\"wp-image-173\" srcset=\"https:\/\/lechatzen.ovh\/wp-content\/uploads\/2025\/05\/wsvszdkg-1-460x1024.jpg 460w, https:\/\/lechatzen.ovh\/wp-content\/uploads\/2025\/05\/wsvszdkg-1-600x1335.jpg 600w, https:\/\/lechatzen.ovh\/wp-content\/uploads\/2025\/05\/wsvszdkg-1-135x300.jpg 135w, https:\/\/lechatzen.ovh\/wp-content\/uploads\/2025\/05\/wsvszdkg-1-690x1536.jpg 690w, https:\/\/lechatzen.ovh\/wp-content\/uploads\/2025\/05\/wsvszdkg-1.jpg 736w\" sizes=\"auto, (max-width: 460px) 100vw, 460px\" \/><\/figure>\n\n\n\n<figure class=\"wp-block-image size-large\"><img loading=\"lazy\" decoding=\"async\" width=\"794\" height=\"1024\" data-id=\"185\" src=\"https:\/\/lechatzen.ovh\/wp-content\/uploads\/2025\/05\/amaaht18-1-794x1024.jpg\" alt=\"\" class=\"wp-image-185\" srcset=\"https:\/\/lechatzen.ovh\/wp-content\/uploads\/2025\/05\/amaaht18-1-794x1024.jpg 794w, https:\/\/lechatzen.ovh\/wp-content\/uploads\/2025\/05\/amaaht18-1-600x773.jpg 600w, https:\/\/lechatzen.ovh\/wp-content\/uploads\/2025\/05\/amaaht18-1-233x300.jpg 233w, https:\/\/lechatzen.ovh\/wp-content\/uploads\/2025\/05\/amaaht18-1-768x990.jpg 768w, https:\/\/lechatzen.ovh\/wp-content\/uploads\/2025\/05\/amaaht18-1-1192x1536.jpg 1192w, https:\/\/lechatzen.ovh\/wp-content\/uploads\/2025\/05\/amaaht18-1.jpg 1350w\" sizes=\"auto, (max-width: 794px) 100vw, 794px\" \/><\/figure>\n\n\n\n<figure class=\"wp-block-image size-large\"><img loading=\"lazy\" decoding=\"async\" width=\"1024\" height=\"542\" data-id=\"184\" src=\"https:\/\/lechatzen.ovh\/wp-content\/uploads\/2025\/05\/ddmhokr3-1-1024x542.jpg\" alt=\"\" class=\"wp-image-184\" srcset=\"https:\/\/lechatzen.ovh\/wp-content\/uploads\/2025\/05\/ddmhokr3-1-1024x542.jpg 1024w, https:\/\/lechatzen.ovh\/wp-content\/uploads\/2025\/05\/ddmhokr3-1-600x317.jpg 600w, https:\/\/lechatzen.ovh\/wp-content\/uploads\/2025\/05\/ddmhokr3-1-300x159.jpg 300w, https:\/\/lechatzen.ovh\/wp-content\/uploads\/2025\/05\/ddmhokr3-1-768x406.jpg 768w, https:\/\/lechatzen.ovh\/wp-content\/uploads\/2025\/05\/ddmhokr3-1.jpg 1493w\" sizes=\"auto, (max-width: 1024px) 100vw, 1024px\" \/><\/figure>\n\n\n\n<figure class=\"wp-block-image size-large\"><img loading=\"lazy\" decoding=\"async\" width=\"739\" height=\"1024\" data-id=\"183\" src=\"https:\/\/lechatzen.ovh\/wp-content\/uploads\/2025\/05\/z_2neaih-1-739x1024.jpg\" alt=\"\" class=\"wp-image-183\" srcset=\"https:\/\/lechatzen.ovh\/wp-content\/uploads\/2025\/05\/z_2neaih-1-739x1024.jpg 739w, https:\/\/lechatzen.ovh\/wp-content\/uploads\/2025\/05\/z_2neaih-1-600x831.jpg 600w, https:\/\/lechatzen.ovh\/wp-content\/uploads\/2025\/05\/z_2neaih-1-216x300.jpg 216w, https:\/\/lechatzen.ovh\/wp-content\/uploads\/2025\/05\/z_2neaih-1.jpg 757w\" sizes=\"auto, (max-width: 739px) 100vw, 739px\" \/><\/figure>\n\n\n\n<figure class=\"wp-block-image size-large\"><img loading=\"lazy\" decoding=\"async\" width=\"1024\" height=\"461\" data-id=\"187\" src=\"https:\/\/lechatzen.ovh\/wp-content\/uploads\/2025\/05\/rgbcm974-1-1024x461.jpg\" alt=\"\" class=\"wp-image-187\" srcset=\"https:\/\/lechatzen.ovh\/wp-content\/uploads\/2025\/05\/rgbcm974-1-1024x461.jpg 1024w, https:\/\/lechatzen.ovh\/wp-content\/uploads\/2025\/05\/rgbcm974-1-600x270.jpg 600w, https:\/\/lechatzen.ovh\/wp-content\/uploads\/2025\/05\/rgbcm974-1-300x135.jpg 300w, https:\/\/lechatzen.ovh\/wp-content\/uploads\/2025\/05\/rgbcm974-1-768x345.jpg 768w, https:\/\/lechatzen.ovh\/wp-content\/uploads\/2025\/05\/rgbcm974-1-1536x691.jpg 1536w, https:\/\/lechatzen.ovh\/wp-content\/uploads\/2025\/05\/rgbcm974-1.jpg 2048w\" sizes=\"auto, (max-width: 1024px) 100vw, 1024px\" \/><\/figure>\n\n\n\n<figure class=\"wp-block-image size-large\"><img loading=\"lazy\" decoding=\"async\" width=\"1024\" height=\"667\" data-id=\"182\" src=\"https:\/\/lechatzen.ovh\/wp-content\/uploads\/2025\/05\/hrg_krob-1-1024x667.jpg\" alt=\"\" class=\"wp-image-182\" srcset=\"https:\/\/lechatzen.ovh\/wp-content\/uploads\/2025\/05\/hrg_krob-1-1024x667.jpg 1024w, https:\/\/lechatzen.ovh\/wp-content\/uploads\/2025\/05\/hrg_krob-1-600x391.jpg 600w, https:\/\/lechatzen.ovh\/wp-content\/uploads\/2025\/05\/hrg_krob-1-300x195.jpg 300w, https:\/\/lechatzen.ovh\/wp-content\/uploads\/2025\/05\/hrg_krob-1-768x500.jpg 768w, https:\/\/lechatzen.ovh\/wp-content\/uploads\/2025\/05\/hrg_krob-1.jpg 1273w\" sizes=\"auto, (max-width: 1024px) 100vw, 1024px\" \/><\/figure>\n<\/figure>\n<\/div>\n<\/div>\n<\/div>\n<\/div>\n<\/div>\n","protected":false},"excerpt":{"rendered":"<p>Je suis Violaine, j&rsquo;aime la nature et les chats. J&rsquo;ai \u00e9t\u00e9 sage-femme pendant 12 ans avant de me consacrer \u00e0 la protection de l&rsquo;environnement. Aujourd&rsquo;hui, je me d\u00e9die au bien-\u00eatre des chats et \u00e0 leur relation avec les humains. J\u2019ai grandi entour\u00e9e de chiens, mais c\u2019est mon premier chat, arriv\u00e9 dans ma vie \u00e0 l\u2019\u00e2ge [&hellip;]<\/p>\n","protected":false},"author":2,"featured_media":0,"parent":0,"menu_order":0,"comment_status":"closed","ping_status":"open","template":"","meta":{"footnotes":""},"class_list":["post-176","page","type-page","status-publish","hentry"],"yoast_head":"<!-- This site is optimized with the Yoast SEO plugin v25.3.1 - https:\/\/yoast.com\/wordpress\/plugins\/seo\/ -->\n<title>Qui suis-je? - Le chat zen _Comportementaliste f\u00e9lin<\/title>\n<meta name=\"robots\" content=\"index, follow, max-snippet:-1, max-image-preview:large, max-video-preview:-1\" \/>\n<link rel=\"canonical\" href=\"https:\/\/lechatzen.ovh\/index.php\/about\/\" \/>\n<meta property=\"og:locale\" content=\"fr_FR\" \/>\n<meta property=\"og:type\" content=\"article\" \/>\n<meta property=\"og:title\" content=\"Qui suis-je? - Le chat zen _Comportementaliste f\u00e9lin\" \/>\n<meta property=\"og:description\" content=\"Je suis Violaine, j&rsquo;aime la nature et les chats. J&rsquo;ai \u00e9t\u00e9 sage-femme pendant 12 ans avant de me consacrer \u00e0 la protection de l&rsquo;environnement. Aujourd&rsquo;hui, je me d\u00e9die au bien-\u00eatre des chats et \u00e0 leur relation avec les humains. J\u2019ai grandi entour\u00e9e de chiens, mais c\u2019est mon premier chat, arriv\u00e9 dans ma vie \u00e0 l\u2019\u00e2ge [&hellip;]\" \/>\n<meta property=\"og:url\" content=\"https:\/\/lechatzen.ovh\/index.php\/about\/\" \/>\n<meta property=\"og:site_name\" content=\"Le chat zen _Comportementaliste f\u00e9lin\" \/>\n<meta property=\"article:publisher\" content=\"https:\/\/www.facebook.com\/profile.php?id=61570451984871\" \/>\n<meta property=\"article:modified_time\" content=\"2025-06-23T10:50:26+00:00\" \/>\n<meta property=\"og:image\" content=\"https:\/\/lechatzen.ovh\/wp-content\/uploads\/2025\/05\/capture-decran-2025-05-26-153338.png\" \/>\n\t<meta property=\"og:image:width\" content=\"445\" \/>\n\t<meta property=\"og:image:height\" content=\"457\" \/>\n\t<meta property=\"og:image:type\" content=\"image\/png\" \/>\n<meta name=\"twitter:card\" content=\"summary_large_image\" \/>\n<meta name=\"twitter:label1\" content=\"Dur\u00e9e de lecture estim\u00e9e\" \/>\n\t<meta name=\"twitter:data1\" content=\"1 minute\" \/>\n<script type=\"application\/ld+json\" class=\"yoast-schema-graph\">{\"@context\":\"https:\/\/schema.org\",\"@graph\":[{\"@type\":\"WebPage\",\"@id\":\"https:\/\/lechatzen.ovh\/index.php\/about\/\",\"url\":\"https:\/\/lechatzen.ovh\/index.php\/about\/\",\"name\":\"Qui suis-je? - Le chat zen _Comportementaliste f\u00e9lin\",\"isPartOf\":{\"@id\":\"https:\/\/lechatzen.ovh\/#website\"},\"primaryImageOfPage\":{\"@id\":\"https:\/\/lechatzen.ovh\/index.php\/about\/#primaryimage\"},\"image\":{\"@id\":\"https:\/\/lechatzen.ovh\/index.php\/about\/#primaryimage\"},\"thumbnailUrl\":\"http:\/\/lechatzen.ovh\/wp-content\/uploads\/2025\/05\/capture-decran-2025-05-26-153338.png\",\"datePublished\":\"2025-05-26T08:57:23+00:00\",\"dateModified\":\"2025-06-23T10:50:26+00:00\",\"breadcrumb\":{\"@id\":\"https:\/\/lechatzen.ovh\/index.php\/about\/#breadcrumb\"},\"inLanguage\":\"fr-FR\",\"potentialAction\":[{\"@type\":\"ReadAction\",\"target\":[\"https:\/\/lechatzen.ovh\/index.php\/about\/\"]}]},{\"@type\":\"ImageObject\",\"inLanguage\":\"fr-FR\",\"@id\":\"https:\/\/lechatzen.ovh\/index.php\/about\/#primaryimage\",\"url\":\"https:\/\/lechatzen.ovh\/wp-content\/uploads\/2025\/05\/capture-decran-2025-05-26-153338.png\",\"contentUrl\":\"https:\/\/lechatzen.ovh\/wp-content\/uploads\/2025\/05\/capture-decran-2025-05-26-153338.png\",\"width\":445,\"height\":457},{\"@type\":\"BreadcrumbList\",\"@id\":\"https:\/\/lechatzen.ovh\/index.php\/about\/#breadcrumb\",\"itemListElement\":[{\"@type\":\"ListItem\",\"position\":1,\"name\":\"Accueil\",\"item\":\"https:\/\/lechatzen.ovh\/\"},{\"@type\":\"ListItem\",\"position\":2,\"name\":\"Qui suis-je?\"}]},{\"@type\":\"WebSite\",\"@id\":\"https:\/\/lechatzen.ovh\/#website\",\"url\":\"https:\/\/lechatzen.ovh\/\",\"name\":\"Le chat zen _Comportementaliste f\u00e9lin\",\"description\":\"Une comportementaliste \u00e0 votre \u00e9coute\",\"publisher\":{\"@id\":\"https:\/\/lechatzen.ovh\/#organization\"},\"potentialAction\":[{\"@type\":\"SearchAction\",\"target\":{\"@type\":\"EntryPoint\",\"urlTemplate\":\"https:\/\/lechatzen.ovh\/?s={search_term_string}\"},\"query-input\":{\"@type\":\"PropertyValueSpecification\",\"valueRequired\":true,\"valueName\":\"search_term_string\"}}],\"inLanguage\":\"fr-FR\"},{\"@type\":\"Organization\",\"@id\":\"https:\/\/lechatzen.ovh\/#organization\",\"name\":\"Le chat zen _Comportementaliste f\u00e9lin\",\"url\":\"https:\/\/lechatzen.ovh\/\",\"logo\":{\"@type\":\"ImageObject\",\"inLanguage\":\"fr-FR\",\"@id\":\"https:\/\/lechatzen.ovh\/#\/schema\/logo\/image\/\",\"url\":\"https:\/\/lechatzen.ovh\/wp-content\/uploads\/2025\/06\/Logo.png\",\"contentUrl\":\"https:\/\/lechatzen.ovh\/wp-content\/uploads\/2025\/06\/Logo.png\",\"width\":500,\"height\":500,\"caption\":\"Le chat zen _Comportementaliste f\u00e9lin\"},\"image\":{\"@id\":\"https:\/\/lechatzen.ovh\/#\/schema\/logo\/image\/\"},\"sameAs\":[\"https:\/\/www.facebook.com\/profile.php?id=61570451984871\",\"https:\/\/fr.pinterest.com\/eilechatzen\",\"https:\/\/www.instagram.com\/lechat.zen\/?fbclid=IwY2xjawLGD9hleHRuA2FlbQIxMQBicmlkETB2R3B5N3M4WjBYWjZlQWdJAR5P0356IDtR6oaTSNpGg5H0eqBRczWLOCm1ssLn-IF8DTG-fhIHflSd8RC7AQ_aem_AGPPNnxXAfTqsbUJuc_4iQ\"]}]}<\/script>\n<!-- \/ Yoast SEO plugin. -->","yoast_head_json":{"title":"Qui suis-je? - Le chat zen _Comportementaliste f\u00e9lin","robots":{"index":"index","follow":"follow","max-snippet":"max-snippet:-1","max-image-preview":"max-image-preview:large","max-video-preview":"max-video-preview:-1"},"canonical":"https:\/\/lechatzen.ovh\/index.php\/about\/","og_locale":"fr_FR","og_type":"article","og_title":"Qui suis-je? - Le chat zen _Comportementaliste f\u00e9lin","og_description":"Je suis Violaine, j&rsquo;aime la nature et les chats. J&rsquo;ai \u00e9t\u00e9 sage-femme pendant 12 ans avant de me consacrer \u00e0 la protection de l&rsquo;environnement. Aujourd&rsquo;hui, je me d\u00e9die au bien-\u00eatre des chats et \u00e0 leur relation avec les humains. J\u2019ai grandi entour\u00e9e de chiens, mais c\u2019est mon premier chat, arriv\u00e9 dans ma vie \u00e0 l\u2019\u00e2ge [&hellip;]","og_url":"https:\/\/lechatzen.ovh\/index.php\/about\/","og_site_name":"Le chat zen _Comportementaliste f\u00e9lin","article_publisher":"https:\/\/www.facebook.com\/profile.php?id=61570451984871","article_modified_time":"2025-06-23T10:50:26+00:00","og_image":[{"width":445,"height":457,"url":"https:\/\/lechatzen.ovh\/wp-content\/uploads\/2025\/05\/capture-decran-2025-05-26-153338.png","type":"image\/png"}],"twitter_card":"summary_large_image","twitter_misc":{"Dur\u00e9e de lecture estim\u00e9e":"1 minute"},"schema":{"@context":"https:\/\/schema.org","@graph":[{"@type":"WebPage","@id":"https:\/\/lechatzen.ovh\/index.php\/about\/","url":"https:\/\/lechatzen.ovh\/index.php\/about\/","name":"Qui suis-je? - Le chat zen _Comportementaliste f\u00e9lin","isPartOf":{"@id":"https:\/\/lechatzen.ovh\/#website"},"primaryImageOfPage":{"@id":"https:\/\/lechatzen.ovh\/index.php\/about\/#primaryimage"},"image":{"@id":"https:\/\/lechatzen.ovh\/index.php\/about\/#primaryimage"},"thumbnailUrl":"http:\/\/lechatzen.ovh\/wp-content\/uploads\/2025\/05\/capture-decran-2025-05-26-153338.png","datePublished":"2025-05-26T08:57:23+00:00","dateModified":"2025-06-23T10:50:26+00:00","breadcrumb":{"@id":"https:\/\/lechatzen.ovh\/index.php\/about\/#breadcrumb"},"inLanguage":"fr-FR","potentialAction":[{"@type":"ReadAction","target":["https:\/\/lechatzen.ovh\/index.php\/about\/"]}]},{"@type":"ImageObject","inLanguage":"fr-FR","@id":"https:\/\/lechatzen.ovh\/index.php\/about\/#primaryimage","url":"https:\/\/lechatzen.ovh\/wp-content\/uploads\/2025\/05\/capture-decran-2025-05-26-153338.png","contentUrl":"https:\/\/lechatzen.ovh\/wp-content\/uploads\/2025\/05\/capture-decran-2025-05-26-153338.png","width":445,"height":457},{"@type":"BreadcrumbList","@id":"https:\/\/lechatzen.ovh\/index.php\/about\/#breadcrumb","itemListElement":[{"@type":"ListItem","position":1,"name":"Accueil","item":"https:\/\/lechatzen.ovh\/"},{"@type":"ListItem","position":2,"name":"Qui suis-je?"}]},{"@type":"WebSite","@id":"https:\/\/lechatzen.ovh\/#website","url":"https:\/\/lechatzen.ovh\/","name":"Le chat zen _Comportementaliste f\u00e9lin","description":"Une comportementaliste \u00e0 votre \u00e9coute","publisher":{"@id":"https:\/\/lechatzen.ovh\/#organization"},"potentialAction":[{"@type":"SearchAction","target":{"@type":"EntryPoint","urlTemplate":"https:\/\/lechatzen.ovh\/?s={search_term_string}"},"query-input":{"@type":"PropertyValueSpecification","valueRequired":true,"valueName":"search_term_string"}}],"inLanguage":"fr-FR"},{"@type":"Organization","@id":"https:\/\/lechatzen.ovh\/#organization","name":"Le chat zen _Comportementaliste f\u00e9lin","url":"https:\/\/lechatzen.ovh\/","logo":{"@type":"ImageObject","inLanguage":"fr-FR","@id":"https:\/\/lechatzen.ovh\/#\/schema\/logo\/image\/","url":"https:\/\/lechatzen.ovh\/wp-content\/uploads\/2025\/06\/Logo.png","contentUrl":"https:\/\/lechatzen.ovh\/wp-content\/uploads\/2025\/06\/Logo.png","width":500,"height":500,"caption":"Le chat zen _Comportementaliste f\u00e9lin"},"image":{"@id":"https:\/\/lechatzen.ovh\/#\/schema\/logo\/image\/"},"sameAs":["https:\/\/www.facebook.com\/profile.php?id=61570451984871","https:\/\/fr.pinterest.com\/eilechatzen","https:\/\/www.instagram.com\/lechat.zen\/?fbclid=IwY2xjawLGD9hleHRuA2FlbQIxMQBicmlkETB2R3B5N3M4WjBYWjZlQWdJAR5P0356IDtR6oaTSNpGg5H0eqBRczWLOCm1ssLn-IF8DTG-fhIHflSd8RC7AQ_aem_AGPPNnxXAfTqsbUJuc_4iQ"]}]}},"_links":{"self":[{"href":"https:\/\/lechatzen.ovh\/index.php\/wp-json\/wp\/v2\/pages\/176","targetHints":{"allow":["GET"]}}],"collection":[{"href":"https:\/\/lechatzen.ovh\/index.php\/wp-json\/wp\/v2\/pages"}],"about":[{"href":"https:\/\/lechatzen.ovh\/index.php\/wp-json\/wp\/v2\/types\/page"}],"author":[{"embeddable":true,"href":"https:\/\/lechatzen.ovh\/index.php\/wp-json\/wp\/v2\/users\/2"}],"replies":[{"embeddable":true,"href":"https:\/\/lechatzen.ovh\/index.php\/wp-json\/wp\/v2\/comments?post=176"}],"version-history":[{"count":3,"href":"https:\/\/lechatzen.ovh\/index.php\/wp-json\/wp\/v2\/pages\/176\/revisions"}],"predecessor-version":[{"id":310,"href":"https:\/\/lechatzen.ovh\/index.php\/wp-json\/wp\/v2\/pages\/176\/revisions\/310"}],"wp:attachment":[{"href":"https:\/\/lechatzen.ovh\/index.php\/wp-json\/wp\/v2\/media?parent=176"}],"curies":[{"name":"wp","href":"https:\/\/api.w.org\/{rel}","templated":true}]}}