{"id":283,"date":"2025-06-22T20:31:37","date_gmt":"2025-06-22T18:31:37","guid":{"rendered":"https:\/\/lechatzen.ovh\/?page_id=283"},"modified":"2025-06-23T12:50:26","modified_gmt":"2025-06-23T10:50:26","slug":"prestations","status":"publish","type":"page","link":"https:\/\/lechatzen.ovh\/index.php\/prestations\/","title":{"rendered":"Prestations"},"content":{"rendered":"\n<div class=\"wp-block-group is-layout-constrained wp-block-group-is-layout-constrained\">\n<div class=\"wp-block-group is-nowrap is-layout-flex wp-container-core-group-is-layout-6c531013 wp-block-group-is-layout-flex\">\n<figure class=\"wp-block-image size-full is-resized\"><img loading=\"lazy\" decoding=\"async\" width=\"355\" height=\"311\" src=\"http:\/\/lechatzen.ovh\/wp-content\/uploads\/2025\/05\/capture-decran-2025-05-26-131131-1-e1750673210132.png\" alt=\"\" class=\"wp-image-26\" style=\"width:186px;height:auto\" srcset=\"https:\/\/lechatzen.ovh\/wp-content\/uploads\/2025\/05\/capture-decran-2025-05-26-131131-1-e1750673210132.png 355w, https:\/\/lechatzen.ovh\/wp-content\/uploads\/2025\/05\/capture-decran-2025-05-26-131131-1-e1750673210132-300x263.png 300w\" sizes=\"auto, (max-width: 355px) 100vw, 355px\" \/><\/figure>\n\n\n\n<h6 class=\"wp-block-heading\"><a href=\"https:\/\/lechatzen.ovh\/index.php\/acceuil\/\" data-type=\"page\" data-id=\"15\">Cat sitting<\/a><\/h6>\n<\/div>\n\n\n\n<div class=\"wp-block-group is-nowrap is-layout-flex wp-container-core-group-is-layout-6c531013 wp-block-group-is-layout-flex\">\n<figure class=\"wp-block-image size-full is-resized\"><img loading=\"lazy\" decoding=\"async\" width=\"337\" height=\"253\" src=\"http:\/\/lechatzen.ovh\/wp-content\/uploads\/2025\/05\/capture-decran-2025-03-31-111917.png\" alt=\"\" class=\"wp-image-103\" style=\"width:182px;height:auto\" srcset=\"https:\/\/lechatzen.ovh\/wp-content\/uploads\/2025\/05\/capture-decran-2025-03-31-111917.png 337w, https:\/\/lechatzen.ovh\/wp-content\/uploads\/2025\/05\/capture-decran-2025-03-31-111917-300x225.png 300w\" sizes=\"auto, (max-width: 337px) 100vw, 337px\" \/><\/figure>\n\n\n\n<h6 class=\"wp-block-heading\"><a href=\"https:\/\/lechatzen.ovh\/index.php\/bilan-comportemental\/\" data-type=\"page\" data-id=\"100\">Bilan comportemental<\/a><\/h6>\n<\/div>\n\n\n\n<div class=\"wp-block-group is-nowrap is-layout-flex wp-container-core-group-is-layout-6c531013 wp-block-group-is-layout-flex\">\n<figure class=\"wp-block-image size-full is-resized\"><img loading=\"lazy\" decoding=\"async\" width=\"947\" height=\"631\" src=\"http:\/\/lechatzen.ovh\/wp-content\/uploads\/2025\/05\/capture-decran-2025-03-31-112010.png\" alt=\"\" class=\"wp-image-96\" style=\"width:181px;height:auto\" srcset=\"https:\/\/lechatzen.ovh\/wp-content\/uploads\/2025\/05\/capture-decran-2025-03-31-112010.png 947w, https:\/\/lechatzen.ovh\/wp-content\/uploads\/2025\/05\/capture-decran-2025-03-31-112010-600x400.png 600w, https:\/\/lechatzen.ovh\/wp-content\/uploads\/2025\/05\/capture-decran-2025-03-31-112010-300x200.png 300w, https:\/\/lechatzen.ovh\/wp-content\/uploads\/2025\/05\/capture-decran-2025-03-31-112010-768x512.png 768w\" sizes=\"auto, (max-width: 947px) 100vw, 947px\" \/><\/figure>\n\n\n\n<h6 class=\"wp-block-heading\"><a href=\"https:\/\/lechatzen.ovh\/index.php\/consultation-daccompagnement\/\" data-type=\"page\" data-id=\"95\">Consultation d\u2019accompagnement<\/a><\/h6>\n<\/div>\n\n\n\n<div class=\"wp-block-group is-nowrap is-layout-flex wp-container-core-group-is-layout-6c531013 wp-block-group-is-layout-flex\">\n<figure class=\"wp-block-image size-large is-resized\"><img loading=\"lazy\" decoding=\"async\" width=\"1024\" height=\"788\" src=\"http:\/\/lechatzen.ovh\/wp-content\/uploads\/2025\/05\/pexels-wojciech-kumpicki-1084687-2071873-scaled-e1750672786510-1024x788.jpg\" alt=\"\" class=\"wp-image-109\" style=\"width:184px;height:auto\" srcset=\"https:\/\/lechatzen.ovh\/wp-content\/uploads\/2025\/05\/pexels-wojciech-kumpicki-1084687-2071873-scaled-e1750672786510-1024x788.jpg 1024w, https:\/\/lechatzen.ovh\/wp-content\/uploads\/2025\/05\/pexels-wojciech-kumpicki-1084687-2071873-scaled-e1750672786510-600x462.jpg 600w, https:\/\/lechatzen.ovh\/wp-content\/uploads\/2025\/05\/pexels-wojciech-kumpicki-1084687-2071873-scaled-e1750672786510-300x231.jpg 300w, https:\/\/lechatzen.ovh\/wp-content\/uploads\/2025\/05\/pexels-wojciech-kumpicki-1084687-2071873-scaled-e1750672786510-768x591.jpg 768w, https:\/\/lechatzen.ovh\/wp-content\/uploads\/2025\/05\/pexels-wojciech-kumpicki-1084687-2071873-scaled-e1750672786510-1536x1182.jpg 1536w, https:\/\/lechatzen.ovh\/wp-content\/uploads\/2025\/05\/pexels-wojciech-kumpicki-1084687-2071873-scaled-e1750672786510.jpg 1702w\" sizes=\"auto, (max-width: 1024px) 100vw, 1024px\" \/><\/figure>\n\n\n\n<h6 class=\"wp-block-heading\"><a href=\"https:\/\/lechatzen.ovh\/index.php\/forfait-accueil-du-chaton\/\" data-type=\"page\" data-id=\"108\">Forfait accueil du chaton<\/a><\/h6>\n<\/div>\n\n\n\n<div class=\"wp-block-group is-nowrap is-layout-flex wp-container-core-group-is-layout-6c531013 wp-block-group-is-layout-flex\">\n<figure class=\"wp-block-image size-large is-resized\"><img loading=\"lazy\" decoding=\"async\" width=\"1024\" height=\"859\" src=\"http:\/\/lechatzen.ovh\/wp-content\/uploads\/2025\/05\/pexels-reda-captures-1210576448-31330792-scaled-e1750673083925-1024x859.jpg\" alt=\"\" class=\"wp-image-113\" style=\"width:183px;height:auto\" srcset=\"https:\/\/lechatzen.ovh\/wp-content\/uploads\/2025\/05\/pexels-reda-captures-1210576448-31330792-scaled-e1750673083925-1024x859.jpg 1024w, https:\/\/lechatzen.ovh\/wp-content\/uploads\/2025\/05\/pexels-reda-captures-1210576448-31330792-scaled-e1750673083925-600x503.jpg 600w, https:\/\/lechatzen.ovh\/wp-content\/uploads\/2025\/05\/pexels-reda-captures-1210576448-31330792-scaled-e1750673083925-300x252.jpg 300w, https:\/\/lechatzen.ovh\/wp-content\/uploads\/2025\/05\/pexels-reda-captures-1210576448-31330792-scaled-e1750673083925-768x644.jpg 768w, https:\/\/lechatzen.ovh\/wp-content\/uploads\/2025\/05\/pexels-reda-captures-1210576448-31330792-scaled-e1750673083925-1536x1288.jpg 1536w, https:\/\/lechatzen.ovh\/wp-content\/uploads\/2025\/05\/pexels-reda-captures-1210576448-31330792-scaled-e1750673083925.jpg 1928w\" sizes=\"auto, (max-width: 1024px) 100vw, 1024px\" \/><\/figure>\n\n\n\n<h6 class=\"wp-block-heading\"><a href=\"https:\/\/lechatzen.ovh\/index.php\/accueil-du-chat-age\/\" data-type=\"page\" data-id=\"111\">Adaptation au chat\u00a0\u00e2g\u00e9<\/a><\/h6>\n<\/div>\n\n\n\n<div class=\"wp-block-group is-nowrap is-layout-flex wp-container-core-group-is-layout-6c531013 wp-block-group-is-layout-flex\">\n<figure class=\"wp-block-image size-large is-resized\"><img loading=\"lazy\" decoding=\"async\" width=\"899\" height=\"1024\" src=\"http:\/\/lechatzen.ovh\/wp-content\/uploads\/2025\/05\/pexels-anete-lusina-6334588-1-scaled-e1750672935175-899x1024.jpg\" alt=\"\" class=\"wp-image-118\" style=\"width:183px;height:auto\" srcset=\"https:\/\/lechatzen.ovh\/wp-content\/uploads\/2025\/05\/pexels-anete-lusina-6334588-1-scaled-e1750672935175-899x1024.jpg 899w, https:\/\/lechatzen.ovh\/wp-content\/uploads\/2025\/05\/pexels-anete-lusina-6334588-1-scaled-e1750672935175-600x683.jpg 600w, https:\/\/lechatzen.ovh\/wp-content\/uploads\/2025\/05\/pexels-anete-lusina-6334588-1-scaled-e1750672935175-263x300.jpg 263w, https:\/\/lechatzen.ovh\/wp-content\/uploads\/2025\/05\/pexels-anete-lusina-6334588-1-scaled-e1750672935175-768x875.jpg 768w, https:\/\/lechatzen.ovh\/wp-content\/uploads\/2025\/05\/pexels-anete-lusina-6334588-1-scaled-e1750672935175-1349x1536.jpg 1349w, https:\/\/lechatzen.ovh\/wp-content\/uploads\/2025\/05\/pexels-anete-lusina-6334588-1-scaled-e1750672935175.jpg 1709w\" sizes=\"auto, (max-width: 899px) 100vw, 899px\" \/><\/figure>\n\n\n\n<h6 class=\"wp-block-heading\"><a href=\"https:\/\/lechatzen.ovh\/index.php\/seances-collectives-a-theme\/\" data-type=\"page\" data-id=\"116\">S\u00e9ances collectives \u00e0 th\u00e8me<\/a><\/h6>\n<\/div>\n<\/div>\n","protected":false},"excerpt":{"rendered":"<p>Cat sitting Bilan comportemental Consultation d\u2019accompagnement Forfait accueil du chaton Adaptation au chat\u00a0\u00e2g\u00e9 S\u00e9ances collectives \u00e0 th\u00e8me<\/p>\n","protected":false},"author":1,"featured_media":0,"parent":0,"menu_order":0,"comment_status":"closed","ping_status":"closed","template":"","meta":{"footnotes":""},"class_list":["post-283","page","type-page","status-publish","hentry"],"yoast_head":"<!-- This site is optimized with the Yoast SEO plugin v25.3.1 - https:\/\/yoast.com\/wordpress\/plugins\/seo\/ -->\n<title>Prestations - Le chat zen _Comportementaliste f\u00e9lin<\/title>\n<meta name=\"robots\" content=\"index, follow, max-snippet:-1, max-image-preview:large, max-video-preview:-1\" \/>\n<link rel=\"canonical\" href=\"https:\/\/lechatzen.ovh\/index.php\/prestations\/\" \/>\n<meta property=\"og:locale\" content=\"fr_FR\" \/>\n<meta property=\"og:type\" content=\"article\" \/>\n<meta property=\"og:title\" content=\"Prestations - Le chat zen _Comportementaliste f\u00e9lin\" \/>\n<meta property=\"og:description\" content=\"Cat sitting Bilan comportemental Consultation d\u2019accompagnement Forfait accueil du chaton Adaptation au chat\u00a0\u00e2g\u00e9 S\u00e9ances collectives \u00e0 th\u00e8me\" \/>\n<meta property=\"og:url\" content=\"https:\/\/lechatzen.ovh\/index.php\/prestations\/\" \/>\n<meta property=\"og:site_name\" content=\"Le chat zen _Comportementaliste f\u00e9lin\" \/>\n<meta property=\"article:publisher\" content=\"https:\/\/www.facebook.com\/profile.php?id=61570451984871\" \/>\n<meta property=\"article:modified_time\" content=\"2025-06-23T10:50:26+00:00\" \/>\n<meta property=\"og:image\" content=\"https:\/\/lechatzen.ovh\/wp-content\/uploads\/2025\/05\/capture-decran-2025-05-26-131131-1-e1750673210132.png\" \/>\n\t<meta property=\"og:image:width\" content=\"355\" \/>\n\t<meta property=\"og:image:height\" content=\"311\" \/>\n\t<meta property=\"og:image:type\" content=\"image\/png\" \/>\n<meta name=\"twitter:card\" content=\"summary_large_image\" \/>\n<script type=\"application\/ld+json\" class=\"yoast-schema-graph\">{\"@context\":\"https:\/\/schema.org\",\"@graph\":[{\"@type\":\"WebPage\",\"@id\":\"https:\/\/lechatzen.ovh\/index.php\/prestations\/\",\"url\":\"https:\/\/lechatzen.ovh\/index.php\/prestations\/\",\"name\":\"Prestations - Le chat zen _Comportementaliste f\u00e9lin\",\"isPartOf\":{\"@id\":\"https:\/\/lechatzen.ovh\/#website\"},\"primaryImageOfPage\":{\"@id\":\"https:\/\/lechatzen.ovh\/index.php\/prestations\/#primaryimage\"},\"image\":{\"@id\":\"https:\/\/lechatzen.ovh\/index.php\/prestations\/#primaryimage\"},\"thumbnailUrl\":\"http:\/\/lechatzen.ovh\/wp-content\/uploads\/2025\/05\/capture-decran-2025-05-26-131131-1-e1750673210132.png\",\"datePublished\":\"2025-06-22T18:31:37+00:00\",\"dateModified\":\"2025-06-23T10:50:26+00:00\",\"breadcrumb\":{\"@id\":\"https:\/\/lechatzen.ovh\/index.php\/prestations\/#breadcrumb\"},\"inLanguage\":\"fr-FR\",\"potentialAction\":[{\"@type\":\"ReadAction\",\"target\":[\"https:\/\/lechatzen.ovh\/index.php\/prestations\/\"]}]},{\"@type\":\"ImageObject\",\"inLanguage\":\"fr-FR\",\"@id\":\"https:\/\/lechatzen.ovh\/index.php\/prestations\/#primaryimage\",\"url\":\"https:\/\/lechatzen.ovh\/wp-content\/uploads\/2025\/05\/capture-decran-2025-05-26-131131-1-e1750673210132.png\",\"contentUrl\":\"https:\/\/lechatzen.ovh\/wp-content\/uploads\/2025\/05\/capture-decran-2025-05-26-131131-1-e1750673210132.png\",\"width\":355,\"height\":311},{\"@type\":\"BreadcrumbList\",\"@id\":\"https:\/\/lechatzen.ovh\/index.php\/prestations\/#breadcrumb\",\"itemListElement\":[{\"@type\":\"ListItem\",\"position\":1,\"name\":\"Accueil\",\"item\":\"https:\/\/lechatzen.ovh\/\"},{\"@type\":\"ListItem\",\"position\":2,\"name\":\"Prestations\"}]},{\"@type\":\"WebSite\",\"@id\":\"https:\/\/lechatzen.ovh\/#website\",\"url\":\"https:\/\/lechatzen.ovh\/\",\"name\":\"Le chat zen _Comportementaliste f\u00e9lin\",\"description\":\"Une comportementaliste \u00e0 votre \u00e9coute\",\"publisher\":{\"@id\":\"https:\/\/lechatzen.ovh\/#organization\"},\"potentialAction\":[{\"@type\":\"SearchAction\",\"target\":{\"@type\":\"EntryPoint\",\"urlTemplate\":\"https:\/\/lechatzen.ovh\/?s={search_term_string}\"},\"query-input\":{\"@type\":\"PropertyValueSpecification\",\"valueRequired\":true,\"valueName\":\"search_term_string\"}}],\"inLanguage\":\"fr-FR\"},{\"@type\":\"Organization\",\"@id\":\"https:\/\/lechatzen.ovh\/#organization\",\"name\":\"Le chat zen _Comportementaliste f\u00e9lin\",\"url\":\"https:\/\/lechatzen.ovh\/\",\"logo\":{\"@type\":\"ImageObject\",\"inLanguage\":\"fr-FR\",\"@id\":\"https:\/\/lechatzen.ovh\/#\/schema\/logo\/image\/\",\"url\":\"https:\/\/lechatzen.ovh\/wp-content\/uploads\/2025\/06\/Logo.png\",\"contentUrl\":\"https:\/\/lechatzen.ovh\/wp-content\/uploads\/2025\/06\/Logo.png\",\"width\":500,\"height\":500,\"caption\":\"Le chat zen _Comportementaliste f\u00e9lin\"},\"image\":{\"@id\":\"https:\/\/lechatzen.ovh\/#\/schema\/logo\/image\/\"},\"sameAs\":[\"https:\/\/www.facebook.com\/profile.php?id=61570451984871\",\"https:\/\/fr.pinterest.com\/eilechatzen\",\"https:\/\/www.instagram.com\/lechat.zen\/?fbclid=IwY2xjawLGD9hleHRuA2FlbQIxMQBicmlkETB2R3B5N3M4WjBYWjZlQWdJAR5P0356IDtR6oaTSNpGg5H0eqBRczWLOCm1ssLn-IF8DTG-fhIHflSd8RC7AQ_aem_AGPPNnxXAfTqsbUJuc_4iQ\"]}]}<\/script>\n<!-- \/ Yoast SEO plugin. -->","yoast_head_json":{"title":"Prestations - Le chat zen _Comportementaliste f\u00e9lin","robots":{"index":"index","follow":"follow","max-snippet":"max-snippet:-1","max-image-preview":"max-image-preview:large","max-video-preview":"max-video-preview:-1"},"canonical":"https:\/\/lechatzen.ovh\/index.php\/prestations\/","og_locale":"fr_FR","og_type":"article","og_title":"Prestations - Le chat zen _Comportementaliste f\u00e9lin","og_description":"Cat sitting Bilan comportemental Consultation d\u2019accompagnement Forfait accueil du chaton Adaptation au chat\u00a0\u00e2g\u00e9 S\u00e9ances collectives \u00e0 th\u00e8me","og_url":"https:\/\/lechatzen.ovh\/index.php\/prestations\/","og_site_name":"Le chat zen _Comportementaliste f\u00e9lin","article_publisher":"https:\/\/www.facebook.com\/profile.php?id=61570451984871","article_modified_time":"2025-06-23T10:50:26+00:00","og_image":[{"width":355,"height":311,"url":"https:\/\/lechatzen.ovh\/wp-content\/uploads\/2025\/05\/capture-decran-2025-05-26-131131-1-e1750673210132.png","type":"image\/png"}],"twitter_card":"summary_large_image","schema":{"@context":"https:\/\/schema.org","@graph":[{"@type":"WebPage","@id":"https:\/\/lechatzen.ovh\/index.php\/prestations\/","url":"https:\/\/lechatzen.ovh\/index.php\/prestations\/","name":"Prestations - Le chat zen _Comportementaliste f\u00e9lin","isPartOf":{"@id":"https:\/\/lechatzen.ovh\/#website"},"primaryImageOfPage":{"@id":"https:\/\/lechatzen.ovh\/index.php\/prestations\/#primaryimage"},"image":{"@id":"https:\/\/lechatzen.ovh\/index.php\/prestations\/#primaryimage"},"thumbnailUrl":"http:\/\/lechatzen.ovh\/wp-content\/uploads\/2025\/05\/capture-decran-2025-05-26-131131-1-e1750673210132.png","datePublished":"2025-06-22T18:31:37+00:00","dateModified":"2025-06-23T10:50:26+00:00","breadcrumb":{"@id":"https:\/\/lechatzen.ovh\/index.php\/prestations\/#breadcrumb"},"inLanguage":"fr-FR","potentialAction":[{"@type":"ReadAction","target":["https:\/\/lechatzen.ovh\/index.php\/prestations\/"]}]},{"@type":"ImageObject","inLanguage":"fr-FR","@id":"https:\/\/lechatzen.ovh\/index.php\/prestations\/#primaryimage","url":"https:\/\/lechatzen.ovh\/wp-content\/uploads\/2025\/05\/capture-decran-2025-05-26-131131-1-e1750673210132.png","contentUrl":"https:\/\/lechatzen.ovh\/wp-content\/uploads\/2025\/05\/capture-decran-2025-05-26-131131-1-e1750673210132.png","width":355,"height":311},{"@type":"BreadcrumbList","@id":"https:\/\/lechatzen.ovh\/index.php\/prestations\/#breadcrumb","itemListElement":[{"@type":"ListItem","position":1,"name":"Accueil","item":"https:\/\/lechatzen.ovh\/"},{"@type":"ListItem","position":2,"name":"Prestations"}]},{"@type":"WebSite","@id":"https:\/\/lechatzen.ovh\/#website","url":"https:\/\/lechatzen.ovh\/","name":"Le chat zen _Comportementaliste f\u00e9lin","description":"Une comportementaliste \u00e0 votre \u00e9coute","publisher":{"@id":"https:\/\/lechatzen.ovh\/#organization"},"potentialAction":[{"@type":"SearchAction","target":{"@type":"EntryPoint","urlTemplate":"https:\/\/lechatzen.ovh\/?s={search_term_string}"},"query-input":{"@type":"PropertyValueSpecification","valueRequired":true,"valueName":"search_term_string"}}],"inLanguage":"fr-FR"},{"@type":"Organization","@id":"https:\/\/lechatzen.ovh\/#organization","name":"Le chat zen _Comportementaliste f\u00e9lin","url":"https:\/\/lechatzen.ovh\/","logo":{"@type":"ImageObject","inLanguage":"fr-FR","@id":"https:\/\/lechatzen.ovh\/#\/schema\/logo\/image\/","url":"https:\/\/lechatzen.ovh\/wp-content\/uploads\/2025\/06\/Logo.png","contentUrl":"https:\/\/lechatzen.ovh\/wp-content\/uploads\/2025\/06\/Logo.png","width":500,"height":500,"caption":"Le chat zen _Comportementaliste f\u00e9lin"},"image":{"@id":"https:\/\/lechatzen.ovh\/#\/schema\/logo\/image\/"},"sameAs":["https:\/\/www.facebook.com\/profile.php?id=61570451984871","https:\/\/fr.pinterest.com\/eilechatzen","https:\/\/www.instagram.com\/lechat.zen\/?fbclid=IwY2xjawLGD9hleHRuA2FlbQIxMQBicmlkETB2R3B5N3M4WjBYWjZlQWdJAR5P0356IDtR6oaTSNpGg5H0eqBRczWLOCm1ssLn-IF8DTG-fhIHflSd8RC7AQ_aem_AGPPNnxXAfTqsbUJuc_4iQ"]}]}},"_links":{"self":[{"href":"https:\/\/lechatzen.ovh\/index.php\/wp-json\/wp\/v2\/pages\/283","targetHints":{"allow":["GET"]}}],"collection":[{"href":"https:\/\/lechatzen.ovh\/index.php\/wp-json\/wp\/v2\/pages"}],"about":[{"href":"https:\/\/lechatzen.ovh\/index.php\/wp-json\/wp\/v2\/types\/page"}],"author":[{"embeddable":true,"href":"https:\/\/lechatzen.ovh\/index.php\/wp-json\/wp\/v2\/users\/1"}],"replies":[{"embeddable":true,"href":"https:\/\/lechatzen.ovh\/index.php\/wp-json\/wp\/v2\/comments?post=283"}],"version-history":[{"count":4,"href":"https:\/\/lechatzen.ovh\/index.php\/wp-json\/wp\/v2\/pages\/283\/revisions"}],"predecessor-version":[{"id":312,"href":"https:\/\/lechatzen.ovh\/index.php\/wp-json\/wp\/v2\/pages\/283\/revisions\/312"}],"wp:attachment":[{"href":"https:\/\/lechatzen.ovh\/index.php\/wp-json\/wp\/v2\/media?parent=283"}],"curies":[{"name":"wp","href":"https:\/\/api.w.org\/{rel}","templated":true}]}}