{"id":95,"date":"2025-05-27T10:50:49","date_gmt":"2025-05-27T08:50:49","guid":{"rendered":"https:\/\/eilechatzen.wordpress.com\/?page_id=95"},"modified":"2025-06-23T12:50:26","modified_gmt":"2025-06-23T10:50:26","slug":"consultation-daccompagnement","status":"publish","type":"page","link":"https:\/\/lechatzen.ovh\/index.php\/consultation-daccompagnement\/","title":{"rendered":"Consultation d&rsquo;accompagnement"},"content":{"rendered":"\n<div class=\"wp-block-columns is-layout-flex wp-container-core-columns-is-layout-28f84493 wp-block-columns-is-layout-flex\">\n<div class=\"wp-block-column is-layout-flow wp-block-column-is-layout-flow\" style=\"flex-basis:33.33%\">\n<figure class=\"wp-block-image size-large\"><img loading=\"lazy\" decoding=\"async\" width=\"947\" height=\"631\" src=\"http:\/\/lechatzen.ovh\/wp-content\/uploads\/2025\/05\/capture-decran-2025-03-31-112010.png?w=947\" alt=\"\" class=\"wp-image-96\" srcset=\"https:\/\/lechatzen.ovh\/wp-content\/uploads\/2025\/05\/capture-decran-2025-03-31-112010.png 947w, https:\/\/lechatzen.ovh\/wp-content\/uploads\/2025\/05\/capture-decran-2025-03-31-112010-600x400.png 600w, https:\/\/lechatzen.ovh\/wp-content\/uploads\/2025\/05\/capture-decran-2025-03-31-112010-300x200.png 300w, https:\/\/lechatzen.ovh\/wp-content\/uploads\/2025\/05\/capture-decran-2025-03-31-112010-768x512.png 768w\" sizes=\"auto, (max-width: 947px) 100vw, 947px\" \/><\/figure>\n<\/div>\n\n\n\n<div class=\"wp-block-column is-layout-flow wp-block-column-is-layout-flow\" style=\"flex-basis:66.66%\">\n<h4 class=\"wp-block-heading\">Pr\u00e9venir, c\u2019est accompagner sereinement<\/h4>\n\n\n\n<p>Vous allez accueillir un nouveau chat, un chien, un b\u00e9b\u00e9? Vous d\u00e9m\u00e9nagez ? Ces grands changements peuvent bousculer l\u2019\u00e9quilibre de votre compagnon\u2026 et le v\u00f4tre !<br>Je vous propose des consultations comportementales pr\u00e9ventives, \u00e0 domicile ou en visioconf\u00e9rence, pour anticiper les difficult\u00e9s et favoriser une transition en douceur pour toute la famille.<\/p>\n\n\n\n<p>Pendant une heure, nous faisons le point ensemble sur votre situation, vos questions, vos attentes, et je vous guide pas \u00e0 pas avec des conseils personnalis\u00e9s pour :<\/p>\n\n\n\n<ul class=\"wp-block-list\">\n<li>Pr\u00e9parer votre foyer \u00e0 l\u2019arriv\u00e9e d\u2019un nouvel animal ou d\u2019un b\u00e9b\u00e9<\/li>\n\n\n\n<li>Anticiper les r\u00e9actions de votre chat et \u00e9viter les comportements ind\u00e9sirables<\/li>\n\n\n\n<li>Organiser le nouvel environnement apr\u00e8s un d\u00e9m\u00e9nagement<\/li>\n\n\n\n<li>Mieux comprendre les besoins de votre animal et renforcer votre lien avec lui<\/li>\n<\/ul>\n\n\n\n<p>Pr\u00e9venir, c\u2019est souvent \u00e9viter bien des soucis plus tard.<br>Une consultation pr\u00e9ventive, c\u2019est investir dans le bien-\u00eatre de votre chat\u2026 et le v\u00f4tre !<\/p>\n\n\n\n<p>\u00c0 l\u2019issue de la s\u00e9ance, vous recevez un support PDF r\u00e9capitulatif des conseils \u00e9voqu\u00e9s, pour vous accompagner pas \u00e0 pas apr\u00e8s la consultation.<\/p>\n\n\n\n<p><strong>Contactez-moi d\u00e8s maintenant en cliquant ici :  <\/strong><a href=\"https:\/\/eilechatzen.wordpress.com\/prendre-rendez-vous\/\">Contacts<\/a><\/p>\n<\/div>\n<\/div>\n","protected":false},"excerpt":{"rendered":"<p>Pr\u00e9venir, c\u2019est accompagner sereinement Vous allez accueillir un nouveau chat, un chien, un b\u00e9b\u00e9? Vous d\u00e9m\u00e9nagez ? Ces grands changements peuvent bousculer l\u2019\u00e9quilibre de votre compagnon\u2026 et le v\u00f4tre !Je vous propose des consultations comportementales pr\u00e9ventives, \u00e0 domicile ou en visioconf\u00e9rence, pour anticiper les difficult\u00e9s et favoriser une transition en douceur pour toute la famille. [&hellip;]<\/p>\n","protected":false},"author":2,"featured_media":0,"parent":0,"menu_order":0,"comment_status":"closed","ping_status":"closed","template":"","meta":{"footnotes":""},"class_list":["post-95","page","type-page","status-publish","hentry"],"yoast_head":"<!-- This site is optimized with the Yoast SEO plugin v25.3.1 - https:\/\/yoast.com\/wordpress\/plugins\/seo\/ -->\n<title>Consultation d&#039;accompagnement - Le chat zen _Comportementaliste f\u00e9lin<\/title>\n<meta name=\"robots\" content=\"index, follow, max-snippet:-1, max-image-preview:large, max-video-preview:-1\" \/>\n<link rel=\"canonical\" href=\"https:\/\/lechatzen.ovh\/index.php\/consultation-daccompagnement\/\" \/>\n<meta property=\"og:locale\" content=\"fr_FR\" \/>\n<meta property=\"og:type\" content=\"article\" \/>\n<meta property=\"og:title\" content=\"Consultation d&#039;accompagnement - Le chat zen _Comportementaliste f\u00e9lin\" \/>\n<meta property=\"og:description\" content=\"Pr\u00e9venir, c\u2019est accompagner sereinement Vous allez accueillir un nouveau chat, un chien, un b\u00e9b\u00e9? Vous d\u00e9m\u00e9nagez ? Ces grands changements peuvent bousculer l\u2019\u00e9quilibre de votre compagnon\u2026 et le v\u00f4tre !Je vous propose des consultations comportementales pr\u00e9ventives, \u00e0 domicile ou en visioconf\u00e9rence, pour anticiper les difficult\u00e9s et favoriser une transition en douceur pour toute la famille. [&hellip;]\" \/>\n<meta property=\"og:url\" content=\"https:\/\/lechatzen.ovh\/index.php\/consultation-daccompagnement\/\" \/>\n<meta property=\"og:site_name\" content=\"Le chat zen _Comportementaliste f\u00e9lin\" \/>\n<meta property=\"article:publisher\" content=\"https:\/\/www.facebook.com\/profile.php?id=61570451984871\" \/>\n<meta property=\"article:modified_time\" content=\"2025-06-23T10:50:26+00:00\" \/>\n<meta property=\"og:image\" content=\"https:\/\/lechatzen.ovh\/wp-content\/uploads\/2025\/05\/capture-decran-2025-03-31-112010.png\" \/>\n\t<meta property=\"og:image:width\" content=\"947\" \/>\n\t<meta property=\"og:image:height\" content=\"631\" \/>\n\t<meta property=\"og:image:type\" content=\"image\/png\" \/>\n<meta name=\"twitter:card\" content=\"summary_large_image\" \/>\n<meta name=\"twitter:label1\" content=\"Dur\u00e9e de lecture estim\u00e9e\" \/>\n\t<meta name=\"twitter:data1\" content=\"1 minute\" \/>\n<script type=\"application\/ld+json\" class=\"yoast-schema-graph\">{\"@context\":\"https:\/\/schema.org\",\"@graph\":[{\"@type\":\"WebPage\",\"@id\":\"https:\/\/lechatzen.ovh\/index.php\/consultation-daccompagnement\/\",\"url\":\"https:\/\/lechatzen.ovh\/index.php\/consultation-daccompagnement\/\",\"name\":\"Consultation d'accompagnement - Le chat zen _Comportementaliste f\u00e9lin\",\"isPartOf\":{\"@id\":\"https:\/\/lechatzen.ovh\/#website\"},\"primaryImageOfPage\":{\"@id\":\"https:\/\/lechatzen.ovh\/index.php\/consultation-daccompagnement\/#primaryimage\"},\"image\":{\"@id\":\"https:\/\/lechatzen.ovh\/index.php\/consultation-daccompagnement\/#primaryimage\"},\"thumbnailUrl\":\"http:\/\/lechatzen.ovh\/wp-content\/uploads\/2025\/05\/capture-decran-2025-03-31-112010.png?w=947\",\"datePublished\":\"2025-05-27T08:50:49+00:00\",\"dateModified\":\"2025-06-23T10:50:26+00:00\",\"breadcrumb\":{\"@id\":\"https:\/\/lechatzen.ovh\/index.php\/consultation-daccompagnement\/#breadcrumb\"},\"inLanguage\":\"fr-FR\",\"potentialAction\":[{\"@type\":\"ReadAction\",\"target\":[\"https:\/\/lechatzen.ovh\/index.php\/consultation-daccompagnement\/\"]}]},{\"@type\":\"ImageObject\",\"inLanguage\":\"fr-FR\",\"@id\":\"https:\/\/lechatzen.ovh\/index.php\/consultation-daccompagnement\/#primaryimage\",\"url\":\"https:\/\/lechatzen.ovh\/wp-content\/uploads\/2025\/05\/capture-decran-2025-03-31-112010.png\",\"contentUrl\":\"https:\/\/lechatzen.ovh\/wp-content\/uploads\/2025\/05\/capture-decran-2025-03-31-112010.png\",\"width\":947,\"height\":631},{\"@type\":\"BreadcrumbList\",\"@id\":\"https:\/\/lechatzen.ovh\/index.php\/consultation-daccompagnement\/#breadcrumb\",\"itemListElement\":[{\"@type\":\"ListItem\",\"position\":1,\"name\":\"Accueil\",\"item\":\"https:\/\/lechatzen.ovh\/\"},{\"@type\":\"ListItem\",\"position\":2,\"name\":\"Consultation d&rsquo;accompagnement\"}]},{\"@type\":\"WebSite\",\"@id\":\"https:\/\/lechatzen.ovh\/#website\",\"url\":\"https:\/\/lechatzen.ovh\/\",\"name\":\"Le chat zen _Comportementaliste f\u00e9lin\",\"description\":\"Une comportementaliste \u00e0 votre \u00e9coute\",\"publisher\":{\"@id\":\"https:\/\/lechatzen.ovh\/#organization\"},\"potentialAction\":[{\"@type\":\"SearchAction\",\"target\":{\"@type\":\"EntryPoint\",\"urlTemplate\":\"https:\/\/lechatzen.ovh\/?s={search_term_string}\"},\"query-input\":{\"@type\":\"PropertyValueSpecification\",\"valueRequired\":true,\"valueName\":\"search_term_string\"}}],\"inLanguage\":\"fr-FR\"},{\"@type\":\"Organization\",\"@id\":\"https:\/\/lechatzen.ovh\/#organization\",\"name\":\"Le chat zen _Comportementaliste f\u00e9lin\",\"url\":\"https:\/\/lechatzen.ovh\/\",\"logo\":{\"@type\":\"ImageObject\",\"inLanguage\":\"fr-FR\",\"@id\":\"https:\/\/lechatzen.ovh\/#\/schema\/logo\/image\/\",\"url\":\"https:\/\/lechatzen.ovh\/wp-content\/uploads\/2025\/06\/Logo.png\",\"contentUrl\":\"https:\/\/lechatzen.ovh\/wp-content\/uploads\/2025\/06\/Logo.png\",\"width\":500,\"height\":500,\"caption\":\"Le chat zen _Comportementaliste f\u00e9lin\"},\"image\":{\"@id\":\"https:\/\/lechatzen.ovh\/#\/schema\/logo\/image\/\"},\"sameAs\":[\"https:\/\/www.facebook.com\/profile.php?id=61570451984871\",\"https:\/\/fr.pinterest.com\/eilechatzen\",\"https:\/\/www.instagram.com\/lechat.zen\/?fbclid=IwY2xjawLGD9hleHRuA2FlbQIxMQBicmlkETB2R3B5N3M4WjBYWjZlQWdJAR5P0356IDtR6oaTSNpGg5H0eqBRczWLOCm1ssLn-IF8DTG-fhIHflSd8RC7AQ_aem_AGPPNnxXAfTqsbUJuc_4iQ\"]}]}<\/script>\n<!-- \/ Yoast SEO plugin. -->","yoast_head_json":{"title":"Consultation d'accompagnement - Le chat zen _Comportementaliste f\u00e9lin","robots":{"index":"index","follow":"follow","max-snippet":"max-snippet:-1","max-image-preview":"max-image-preview:large","max-video-preview":"max-video-preview:-1"},"canonical":"https:\/\/lechatzen.ovh\/index.php\/consultation-daccompagnement\/","og_locale":"fr_FR","og_type":"article","og_title":"Consultation d'accompagnement - Le chat zen _Comportementaliste f\u00e9lin","og_description":"Pr\u00e9venir, c\u2019est accompagner sereinement Vous allez accueillir un nouveau chat, un chien, un b\u00e9b\u00e9? Vous d\u00e9m\u00e9nagez ? Ces grands changements peuvent bousculer l\u2019\u00e9quilibre de votre compagnon\u2026 et le v\u00f4tre !Je vous propose des consultations comportementales pr\u00e9ventives, \u00e0 domicile ou en visioconf\u00e9rence, pour anticiper les difficult\u00e9s et favoriser une transition en douceur pour toute la famille. [&hellip;]","og_url":"https:\/\/lechatzen.ovh\/index.php\/consultation-daccompagnement\/","og_site_name":"Le chat zen _Comportementaliste f\u00e9lin","article_publisher":"https:\/\/www.facebook.com\/profile.php?id=61570451984871","article_modified_time":"2025-06-23T10:50:26+00:00","og_image":[{"width":947,"height":631,"url":"https:\/\/lechatzen.ovh\/wp-content\/uploads\/2025\/05\/capture-decran-2025-03-31-112010.png","type":"image\/png"}],"twitter_card":"summary_large_image","twitter_misc":{"Dur\u00e9e de lecture estim\u00e9e":"1 minute"},"schema":{"@context":"https:\/\/schema.org","@graph":[{"@type":"WebPage","@id":"https:\/\/lechatzen.ovh\/index.php\/consultation-daccompagnement\/","url":"https:\/\/lechatzen.ovh\/index.php\/consultation-daccompagnement\/","name":"Consultation d'accompagnement - Le chat zen _Comportementaliste f\u00e9lin","isPartOf":{"@id":"https:\/\/lechatzen.ovh\/#website"},"primaryImageOfPage":{"@id":"https:\/\/lechatzen.ovh\/index.php\/consultation-daccompagnement\/#primaryimage"},"image":{"@id":"https:\/\/lechatzen.ovh\/index.php\/consultation-daccompagnement\/#primaryimage"},"thumbnailUrl":"http:\/\/lechatzen.ovh\/wp-content\/uploads\/2025\/05\/capture-decran-2025-03-31-112010.png?w=947","datePublished":"2025-05-27T08:50:49+00:00","dateModified":"2025-06-23T10:50:26+00:00","breadcrumb":{"@id":"https:\/\/lechatzen.ovh\/index.php\/consultation-daccompagnement\/#breadcrumb"},"inLanguage":"fr-FR","potentialAction":[{"@type":"ReadAction","target":["https:\/\/lechatzen.ovh\/index.php\/consultation-daccompagnement\/"]}]},{"@type":"ImageObject","inLanguage":"fr-FR","@id":"https:\/\/lechatzen.ovh\/index.php\/consultation-daccompagnement\/#primaryimage","url":"https:\/\/lechatzen.ovh\/wp-content\/uploads\/2025\/05\/capture-decran-2025-03-31-112010.png","contentUrl":"https:\/\/lechatzen.ovh\/wp-content\/uploads\/2025\/05\/capture-decran-2025-03-31-112010.png","width":947,"height":631},{"@type":"BreadcrumbList","@id":"https:\/\/lechatzen.ovh\/index.php\/consultation-daccompagnement\/#breadcrumb","itemListElement":[{"@type":"ListItem","position":1,"name":"Accueil","item":"https:\/\/lechatzen.ovh\/"},{"@type":"ListItem","position":2,"name":"Consultation d&rsquo;accompagnement"}]},{"@type":"WebSite","@id":"https:\/\/lechatzen.ovh\/#website","url":"https:\/\/lechatzen.ovh\/","name":"Le chat zen _Comportementaliste f\u00e9lin","description":"Une comportementaliste \u00e0 votre \u00e9coute","publisher":{"@id":"https:\/\/lechatzen.ovh\/#organization"},"potentialAction":[{"@type":"SearchAction","target":{"@type":"EntryPoint","urlTemplate":"https:\/\/lechatzen.ovh\/?s={search_term_string}"},"query-input":{"@type":"PropertyValueSpecification","valueRequired":true,"valueName":"search_term_string"}}],"inLanguage":"fr-FR"},{"@type":"Organization","@id":"https:\/\/lechatzen.ovh\/#organization","name":"Le chat zen _Comportementaliste f\u00e9lin","url":"https:\/\/lechatzen.ovh\/","logo":{"@type":"ImageObject","inLanguage":"fr-FR","@id":"https:\/\/lechatzen.ovh\/#\/schema\/logo\/image\/","url":"https:\/\/lechatzen.ovh\/wp-content\/uploads\/2025\/06\/Logo.png","contentUrl":"https:\/\/lechatzen.ovh\/wp-content\/uploads\/2025\/06\/Logo.png","width":500,"height":500,"caption":"Le chat zen _Comportementaliste f\u00e9lin"},"image":{"@id":"https:\/\/lechatzen.ovh\/#\/schema\/logo\/image\/"},"sameAs":["https:\/\/www.facebook.com\/profile.php?id=61570451984871","https:\/\/fr.pinterest.com\/eilechatzen","https:\/\/www.instagram.com\/lechat.zen\/?fbclid=IwY2xjawLGD9hleHRuA2FlbQIxMQBicmlkETB2R3B5N3M4WjBYWjZlQWdJAR5P0356IDtR6oaTSNpGg5H0eqBRczWLOCm1ssLn-IF8DTG-fhIHflSd8RC7AQ_aem_AGPPNnxXAfTqsbUJuc_4iQ"]}]}},"_links":{"self":[{"href":"https:\/\/lechatzen.ovh\/index.php\/wp-json\/wp\/v2\/pages\/95","targetHints":{"allow":["GET"]}}],"collection":[{"href":"https:\/\/lechatzen.ovh\/index.php\/wp-json\/wp\/v2\/pages"}],"about":[{"href":"https:\/\/lechatzen.ovh\/index.php\/wp-json\/wp\/v2\/types\/page"}],"author":[{"embeddable":true,"href":"https:\/\/lechatzen.ovh\/index.php\/wp-json\/wp\/v2\/users\/2"}],"replies":[{"embeddable":true,"href":"https:\/\/lechatzen.ovh\/index.php\/wp-json\/wp\/v2\/comments?post=95"}],"version-history":[{"count":1,"href":"https:\/\/lechatzen.ovh\/index.php\/wp-json\/wp\/v2\/pages\/95\/revisions"}],"predecessor-version":[{"id":236,"href":"https:\/\/lechatzen.ovh\/index.php\/wp-json\/wp\/v2\/pages\/95\/revisions\/236"}],"wp:attachment":[{"href":"https:\/\/lechatzen.ovh\/index.php\/wp-json\/wp\/v2\/media?parent=95"}],"curies":[{"name":"wp","href":"https:\/\/api.w.org\/{rel}","templated":true}]}}